{"id":84,"date":"2023-11-14T16:55:53","date_gmt":"2023-11-14T16:55:53","guid":{"rendered":"https:\/\/solotoberas.com\/?page_id=84"},"modified":"2024-01-25T20:51:35","modified_gmt":"2024-01-25T20:51:35","slug":"aplicacion-de-toberas","status":"publish","type":"page","link":"https:\/\/solotoberas.com\/index.php\/aplicacion-de-toberas\/","title":{"rendered":"Aplicaci\u00f3n de toberas."},"content":{"rendered":"<div class=\"wp-block-cover is-light has-custom-content-position is-position-top-left\"><span aria-hidden=\"true\" class=\"wp-block-cover__background has-background-dim-0 has-background-dim\"><\/span><div class=\"wp-block-cover__inner-container is-layout-flow wp-block-cover-is-layout-flow\"><h1 class=\"wp-block-heading\"><mark style=\"background-color:rgba(0, 0, 0, 0)\" class=\"has-inline-color has-black-color\">Toberas y su uso<\/mark>.<\/h1>\n\n<p>Las <a href=\"https:\/\/solotoberas.com\/index.php\/toberas\/\">toberas<\/a> para el dise\u00f1o de los filtros met\u00e1licos muchas veces nos han preguntado. \u00bfresisten la presi\u00f3n de dise\u00f1o de nuestro sistema de filtraci\u00f3n? y nosotros respondemos SI. <\/p>\n\n<p>Las toberas no participan en la presi\u00f3n ejercida al tanque, ya que las mismas est\u00e1n dentro y la presi\u00f3n de entrada y salida en la tobera se iguala. Estas mismas se instalan de forma manual y sin herramientas de torque, como llaves inglesas o estilson.<\/p>\n\n<figure class=\"wp-block-gallery has-nested-images columns-default is-cropped wp-block-gallery-1 is-layout-flex wp-block-gallery-is-layout-flex\"><figure data-wp-context=\"{&quot;imageId&quot;:&quot;6a05fd23112a9&quot;}\" data-wp-interactive=\"core\/image\" data-wp-key=\"6a05fd23112a9\" class=\"wp-block-image size-large wp-lightbox-container\"><img loading=\"lazy\" decoding=\"async\" width=\"936\" height=\"475\" data-wp-class--hide=\"state.isContentHidden\" data-wp-class--show=\"state.isContentVisible\" data-wp-init=\"callbacks.setButtonStyles\" data-wp-on--click=\"actions.showLightbox\" data-wp-on--load=\"callbacks.setButtonStyles\" data-wp-on-window--resize=\"callbacks.setButtonStyles\" data-id=\"89\" src=\"https:\/\/solotoberas.com\/wp-content\/uploads\/2023\/11\/image-3.png\" alt=\"instalacion de toberas en filtros\" class=\"wp-image-89\" srcset=\"https:\/\/solotoberas.com\/wp-content\/uploads\/2023\/11\/image-3.png 936w, https:\/\/solotoberas.com\/wp-content\/uploads\/2023\/11\/image-3-300x152.png 300w, https:\/\/solotoberas.com\/wp-content\/uploads\/2023\/11\/image-3-768x390.png 768w, https:\/\/solotoberas.com\/wp-content\/uploads\/2023\/11\/image-3-118x60.png 118w, https:\/\/solotoberas.com\/wp-content\/uploads\/2023\/11\/image-3-600x304.png 600w\" sizes=\"auto, (max-width: 936px) 100vw, 936px\" \/><button\n\t\t\tclass=\"lightbox-trigger\"\n\t\t\ttype=\"button\"\n\t\t\taria-haspopup=\"dialog\"\n\t\t\taria-label=\"Enlarge\"\n\t\t\tdata-wp-init=\"callbacks.initTriggerButton\"\n\t\t\tdata-wp-on--click=\"actions.showLightbox\"\n\t\t\tdata-wp-style--right=\"state.imageButtonRight\"\n\t\t\tdata-wp-style--top=\"state.imageButtonTop\"\n\t\t>\n\t\t\t<svg xmlns=\"http:\/\/www.w3.org\/2000\/svg\" width=\"12\" height=\"12\" fill=\"none\" viewBox=\"0 0 12 12\">\n\t\t\t\t<path fill=\"#fff\" d=\"M2 0a2 2 0 0 0-2 2v2h1.5V2a.5.5 0 0 1 .5-.5h2V0H2Zm2 10.5H2a.5.5 0 0 1-.5-.5V8H0v2a2 2 0 0 0 2 2h2v-1.5ZM8 12v-1.5h2a.5.5 0 0 0 .5-.5V8H12v2a2 2 0 0 1-2 2H8Zm2-12a2 2 0 0 1 2 2v2h-1.5V2a.5.5 0 0 0-.5-.5H8V0h2Z\" \/>\n\t\t\t<\/svg>\n\t\t<\/button><\/figure><\/figure>\n\n<p>Las toberas de agua, se instalan en filtros de agua de concreto o met\u00e1licos. Existen falsos fondos est\u00e1ndares de concreto con espesor de 10 cm, pero tambi\u00e9n hay monol\u00edticos con espesor de 15 cm. Si usted lo desea con gusto podemos proporcionar la informaci\u00f3n para dimensionarlos o construirlos. <\/p>\n\n<p>Contamos con experiencia en filtros Degremont Pelletier y filtros tradicionales con falso fondo met\u00e1licos, con tuber\u00edas ranuradas, con cabezales de PVC, con cabezales de acero, con falso fondo de placa met\u00e1lica, acero inoxidable etc.<\/p>\n\n<p>En el contexto de filtraci\u00f3n, las toberas pueden desempe\u00f1ar un papel importante al dirigir y controlar el flujo de agua a trav\u00e9s de los medios filtrantes. <\/p>\n\n<p>Aqu\u00ed hay algunas maneras en las que las toberas se pueden utilizar en procesos de filtraci\u00f3n:<\/p>\n\n<ol class=\"wp-block-list\"><li><strong>Distribuci\u00f3n uniforme del fluido<\/strong>. Las toberas se pueden dise\u00f1ar para distribuir uniformemente el agua a trav\u00e9s de la superficie del medio filtrante. Esto es crucial para garantizar que cada parte del filtro est\u00e9 siendo utilizada eficientemente, evitando zonas muertas o de baja eficiencia.<\/li>\n\n<li><strong>Limpieza in situ<\/strong>. Algunos sistemas de filtraci\u00f3n utilizan toberas para dirigir chorros de fluido a alta presi\u00f3n hacia el medio filtrante. Esto puede ayudar a limpiar el filtro al eliminar part\u00edculas acumuladas y obstrucciones, prolongando la vida \u00fatil del filtro y manteniendo su eficiencia.<\/li>\n\n<li><strong>Control de la velocidad del fluido.<\/strong> Las toberas tambi\u00e9n pueden utilizarse para controlar la velocidad del fluido a medida que pasa a trav\u00e9s del medio filtrante. Esto es importante para evitar la compactaci\u00f3n del material filtrante y garantizar un flujo constante y eficiente.<\/li>\n\n<li><strong>Mejora de la eficiencia<\/strong>. Al dise\u00f1ar toberas espec\u00edficas para ciertos tipos de medios filtrantes. Se puede mejorar la eficiencia de la filtraci\u00f3n al optimizar el flujo de fluido y la captura de part\u00edculas.<\/li><\/ol>\n\n<p>En resumen, las toberas desempe\u00f1an un papel crucial en la optimizaci\u00f3n de los procesos de filtraci\u00f3n. Al garantizar una distribuci\u00f3n uniforme del fluido, facilitar la limpieza y controlar la velocidad del flujo, todo lo cual contribuye a una filtraci\u00f3n m\u00e1s eficiente y duradera.<\/p><\/div><\/div><div class=\"wp-block-columns are-vertically-aligned-center is-layout-flex wp-container-core-columns-is-layout-9d6595d7 wp-block-columns-is-layout-flex\"><div class=\"wp-block-column is-vertically-aligned-center is-layout-flow wp-block-column-is-layout-flow\" style=\"flex-basis:100%\"><\/div><\/div>","protected":false},"excerpt":{"rendered":"","protected":false},"author":1,"featured_media":0,"parent":0,"menu_order":0,"comment_status":"closed","ping_status":"closed","template":"","meta":{"om_disable_all_campaigns":false,"_themeisle_gutenberg_block_has_review":false,"footnotes":""},"class_list":["post-84","page","type-page","status-publish","hentry"],"yoast_head":"<!-- This site is optimized with the Yoast SEO plugin v24.3 - https:\/\/yoast.com\/wordpress\/plugins\/seo\/ -->\n<title>Aplicaci\u00f3n de toberas.<\/title>\n<meta name=\"robots\" content=\"index, follow, max-snippet:-1, max-image-preview:large, max-video-preview:-1\" \/>\n<link rel=\"canonical\" href=\"https:\/\/solotoberas.com\/index.php\/aplicacion-de-toberas\/\" \/>\n<meta property=\"og:locale\" content=\"en_US\" \/>\n<meta property=\"og:type\" content=\"article\" \/>\n<meta property=\"og:title\" content=\"Aplicaci\u00f3n de toberas.\" \/>\n<meta property=\"og:url\" content=\"https:\/\/solotoberas.com\/index.php\/aplicacion-de-toberas\/\" \/>\n<meta property=\"og:site_name\" content=\"solotoberas.com\" \/>\n<meta property=\"article:modified_time\" content=\"2024-01-25T20:51:35+00:00\" \/>\n<meta property=\"og:image\" content=\"https:\/\/solotoberas.com\/wp-content\/uploads\/2023\/11\/image-3.png\" \/>\n<meta name=\"twitter:card\" content=\"summary_large_image\" \/>\n<meta name=\"twitter:label1\" content=\"Est. reading time\" \/>\n\t<meta name=\"twitter:data1\" content=\"2 minutes\" \/>\n<script type=\"application\/ld+json\" class=\"yoast-schema-graph\">{\"@context\":\"https:\/\/schema.org\",\"@graph\":[{\"@type\":\"WebPage\",\"@id\":\"https:\/\/solotoberas.com\/index.php\/aplicacion-de-toberas\/\",\"url\":\"https:\/\/solotoberas.com\/index.php\/aplicacion-de-toberas\/\",\"name\":\"Aplicaci\u00f3n de toberas.\",\"isPartOf\":{\"@id\":\"https:\/\/solotoberas.com\/#website\"},\"primaryImageOfPage\":{\"@id\":\"https:\/\/solotoberas.com\/index.php\/aplicacion-de-toberas\/#primaryimage\"},\"image\":{\"@id\":\"https:\/\/solotoberas.com\/index.php\/aplicacion-de-toberas\/#primaryimage\"},\"thumbnailUrl\":\"https:\/\/solotoberas.com\/wp-content\/uploads\/2023\/11\/image-3.png\",\"datePublished\":\"2023-11-14T16:55:53+00:00\",\"dateModified\":\"2024-01-25T20:51:35+00:00\",\"breadcrumb\":{\"@id\":\"https:\/\/solotoberas.com\/index.php\/aplicacion-de-toberas\/#breadcrumb\"},\"inLanguage\":\"en-US\",\"potentialAction\":[{\"@type\":\"ReadAction\",\"target\":[\"https:\/\/solotoberas.com\/index.php\/aplicacion-de-toberas\/\"]}]},{\"@type\":\"ImageObject\",\"inLanguage\":\"en-US\",\"@id\":\"https:\/\/solotoberas.com\/index.php\/aplicacion-de-toberas\/#primaryimage\",\"url\":\"https:\/\/solotoberas.com\/wp-content\/uploads\/2023\/11\/image-3.png\",\"contentUrl\":\"https:\/\/solotoberas.com\/wp-content\/uploads\/2023\/11\/image-3.png\",\"width\":936,\"height\":475,\"caption\":\"instalacion de toberas en filtros\"},{\"@type\":\"BreadcrumbList\",\"@id\":\"https:\/\/solotoberas.com\/index.php\/aplicacion-de-toberas\/#breadcrumb\",\"itemListElement\":[{\"@type\":\"ListItem\",\"position\":1,\"name\":\"Home\",\"item\":\"https:\/\/solotoberas.com\/\"},{\"@type\":\"ListItem\",\"position\":2,\"name\":\"Aplicaci\u00f3n de toberas.\"}]},{\"@type\":\"WebSite\",\"@id\":\"https:\/\/solotoberas.com\/#website\",\"url\":\"https:\/\/solotoberas.com\/\",\"name\":\"solotoberas.com\",\"description\":\"\",\"publisher\":{\"@id\":\"https:\/\/solotoberas.com\/#organization\"},\"potentialAction\":[{\"@type\":\"SearchAction\",\"target\":{\"@type\":\"EntryPoint\",\"urlTemplate\":\"https:\/\/solotoberas.com\/?s={search_term_string}\"},\"query-input\":{\"@type\":\"PropertyValueSpecification\",\"valueRequired\":true,\"valueName\":\"search_term_string\"}}],\"inLanguage\":\"en-US\"},{\"@type\":\"Organization\",\"@id\":\"https:\/\/solotoberas.com\/#organization\",\"name\":\"solotoberas.com\",\"url\":\"https:\/\/solotoberas.com\/\",\"logo\":{\"@type\":\"ImageObject\",\"inLanguage\":\"en-US\",\"@id\":\"https:\/\/solotoberas.com\/#\/schema\/logo\/image\/\",\"url\":\"https:\/\/solotoberas.com\/wp-content\/uploads\/2023\/11\/cropped-logo.jpg\",\"contentUrl\":\"https:\/\/solotoberas.com\/wp-content\/uploads\/2023\/11\/cropped-logo.jpg\",\"width\":561,\"height\":207,\"caption\":\"solotoberas.com\"},\"image\":{\"@id\":\"https:\/\/solotoberas.com\/#\/schema\/logo\/image\/\"}}]}<\/script>\n<!-- \/ Yoast SEO plugin. -->","yoast_head_json":{"title":"Aplicaci\u00f3n de toberas.","robots":{"index":"index","follow":"follow","max-snippet":"max-snippet:-1","max-image-preview":"max-image-preview:large","max-video-preview":"max-video-preview:-1"},"canonical":"https:\/\/solotoberas.com\/index.php\/aplicacion-de-toberas\/","og_locale":"en_US","og_type":"article","og_title":"Aplicaci\u00f3n de toberas.","og_url":"https:\/\/solotoberas.com\/index.php\/aplicacion-de-toberas\/","og_site_name":"solotoberas.com","article_modified_time":"2024-01-25T20:51:35+00:00","og_image":[{"url":"https:\/\/solotoberas.com\/wp-content\/uploads\/2023\/11\/image-3.png","type":"","width":"","height":""}],"twitter_card":"summary_large_image","twitter_misc":{"Est. reading time":"2 minutes"},"schema":{"@context":"https:\/\/schema.org","@graph":[{"@type":"WebPage","@id":"https:\/\/solotoberas.com\/index.php\/aplicacion-de-toberas\/","url":"https:\/\/solotoberas.com\/index.php\/aplicacion-de-toberas\/","name":"Aplicaci\u00f3n de toberas.","isPartOf":{"@id":"https:\/\/solotoberas.com\/#website"},"primaryImageOfPage":{"@id":"https:\/\/solotoberas.com\/index.php\/aplicacion-de-toberas\/#primaryimage"},"image":{"@id":"https:\/\/solotoberas.com\/index.php\/aplicacion-de-toberas\/#primaryimage"},"thumbnailUrl":"https:\/\/solotoberas.com\/wp-content\/uploads\/2023\/11\/image-3.png","datePublished":"2023-11-14T16:55:53+00:00","dateModified":"2024-01-25T20:51:35+00:00","breadcrumb":{"@id":"https:\/\/solotoberas.com\/index.php\/aplicacion-de-toberas\/#breadcrumb"},"inLanguage":"en-US","potentialAction":[{"@type":"ReadAction","target":["https:\/\/solotoberas.com\/index.php\/aplicacion-de-toberas\/"]}]},{"@type":"ImageObject","inLanguage":"en-US","@id":"https:\/\/solotoberas.com\/index.php\/aplicacion-de-toberas\/#primaryimage","url":"https:\/\/solotoberas.com\/wp-content\/uploads\/2023\/11\/image-3.png","contentUrl":"https:\/\/solotoberas.com\/wp-content\/uploads\/2023\/11\/image-3.png","width":936,"height":475,"caption":"instalacion de toberas en filtros"},{"@type":"BreadcrumbList","@id":"https:\/\/solotoberas.com\/index.php\/aplicacion-de-toberas\/#breadcrumb","itemListElement":[{"@type":"ListItem","position":1,"name":"Home","item":"https:\/\/solotoberas.com\/"},{"@type":"ListItem","position":2,"name":"Aplicaci\u00f3n de toberas."}]},{"@type":"WebSite","@id":"https:\/\/solotoberas.com\/#website","url":"https:\/\/solotoberas.com\/","name":"solotoberas.com","description":"","publisher":{"@id":"https:\/\/solotoberas.com\/#organization"},"potentialAction":[{"@type":"SearchAction","target":{"@type":"EntryPoint","urlTemplate":"https:\/\/solotoberas.com\/?s={search_term_string}"},"query-input":{"@type":"PropertyValueSpecification","valueRequired":true,"valueName":"search_term_string"}}],"inLanguage":"en-US"},{"@type":"Organization","@id":"https:\/\/solotoberas.com\/#organization","name":"solotoberas.com","url":"https:\/\/solotoberas.com\/","logo":{"@type":"ImageObject","inLanguage":"en-US","@id":"https:\/\/solotoberas.com\/#\/schema\/logo\/image\/","url":"https:\/\/solotoberas.com\/wp-content\/uploads\/2023\/11\/cropped-logo.jpg","contentUrl":"https:\/\/solotoberas.com\/wp-content\/uploads\/2023\/11\/cropped-logo.jpg","width":561,"height":207,"caption":"solotoberas.com"},"image":{"@id":"https:\/\/solotoberas.com\/#\/schema\/logo\/image\/"}}]}},"_links":{"self":[{"href":"https:\/\/solotoberas.com\/index.php\/wp-json\/wp\/v2\/pages\/84","targetHints":{"allow":["GET"]}}],"collection":[{"href":"https:\/\/solotoberas.com\/index.php\/wp-json\/wp\/v2\/pages"}],"about":[{"href":"https:\/\/solotoberas.com\/index.php\/wp-json\/wp\/v2\/types\/page"}],"author":[{"embeddable":true,"href":"https:\/\/solotoberas.com\/index.php\/wp-json\/wp\/v2\/users\/1"}],"replies":[{"embeddable":true,"href":"https:\/\/solotoberas.com\/index.php\/wp-json\/wp\/v2\/comments?post=84"}],"version-history":[{"count":18,"href":"https:\/\/solotoberas.com\/index.php\/wp-json\/wp\/v2\/pages\/84\/revisions"}],"predecessor-version":[{"id":483,"href":"https:\/\/solotoberas.com\/index.php\/wp-json\/wp\/v2\/pages\/84\/revisions\/483"}],"wp:attachment":[{"href":"https:\/\/solotoberas.com\/index.php\/wp-json\/wp\/v2\/media?parent=84"}],"curies":[{"name":"wp","href":"https:\/\/api.w.org\/{rel}","templated":true}]}}