{"id":78,"date":"2023-11-14T16:43:45","date_gmt":"2023-11-14T16:43:45","guid":{"rendered":"https:\/\/solotoberas.com\/?page_id=78"},"modified":"2024-01-17T22:52:13","modified_gmt":"2024-01-17T22:52:13","slug":"toberas-de-polipropileno","status":"publish","type":"page","link":"https:\/\/solotoberas.com\/index.php\/toberas-de-polipropileno\/","title":{"rendered":"Toberas de Polipropileno"},"content":{"rendered":"<p>Las toberas de polipropileno o pl\u00e1sticas, se fabrican con conexi\u00f3n NPT, ESPECIALES con&nbsp; conexi\u00f3n de \u00bd, ESTANDAR \u00be\u201d, o la requerida por el cliente desde 1\u201d o TODAS las milim\u00e9tricas de procedencia europea.&nbsp;<\/p><p>En este material podemos elaborar amplia variedad de toberas que cumplan con sus requerimientos, siendo las <a href=\"https:\/\/solotoberas.com\/index.php\/toberas-de-cola-larga\/\">toberas de cola larga<\/a> y las <a href=\"https:\/\/solotoberas.com\/index.php\/toberas-de-cola-corta\/\">toberas de cola corta<\/a> las mas t\u00edpicas del mercado.<\/p><figure data-wp-context=\"{&quot;imageId&quot;:&quot;6a05fd3008695&quot;}\" data-wp-interactive=\"core\/image\" data-wp-key=\"6a05fd3008695\" class=\"wp-block-image size-full is-resized is-style-default wp-lightbox-container\"><img loading=\"lazy\" decoding=\"async\" width=\"976\" height=\"727\" data-wp-class--hide=\"state.isContentHidden\" data-wp-class--show=\"state.isContentVisible\" data-wp-init=\"callbacks.setButtonStyles\" data-wp-on--click=\"actions.showLightbox\" data-wp-on--load=\"callbacks.setButtonStyles\" data-wp-on-window--resize=\"callbacks.setButtonStyles\" src=\"http:\/\/solotoberas.com\/wp-content\/uploads\/2023\/11\/image-2-e1703271035122.png\" alt=\"Diferentes modelos de toberas en polipropileno.\" class=\"wp-image-79\" style=\"width:840px;height:auto\" srcset=\"https:\/\/solotoberas.com\/wp-content\/uploads\/2023\/11\/image-2-e1703271035122.png 976w, https:\/\/solotoberas.com\/wp-content\/uploads\/2023\/11\/image-2-e1703271035122-300x223.png 300w, https:\/\/solotoberas.com\/wp-content\/uploads\/2023\/11\/image-2-e1703271035122-768x572.png 768w, https:\/\/solotoberas.com\/wp-content\/uploads\/2023\/11\/image-2-e1703271035122-81x60.png 81w, https:\/\/solotoberas.com\/wp-content\/uploads\/2023\/11\/image-2-e1703271035122-600x447.png 600w\" sizes=\"auto, (max-width: 976px) 100vw, 976px\" \/><button\n\t\t\tclass=\"lightbox-trigger\"\n\t\t\ttype=\"button\"\n\t\t\taria-haspopup=\"dialog\"\n\t\t\taria-label=\"Enlarge\"\n\t\t\tdata-wp-init=\"callbacks.initTriggerButton\"\n\t\t\tdata-wp-on--click=\"actions.showLightbox\"\n\t\t\tdata-wp-style--right=\"state.imageButtonRight\"\n\t\t\tdata-wp-style--top=\"state.imageButtonTop\"\n\t\t>\n\t\t\t<svg xmlns=\"http:\/\/www.w3.org\/2000\/svg\" width=\"12\" height=\"12\" fill=\"none\" viewBox=\"0 0 12 12\">\n\t\t\t\t<path fill=\"#fff\" d=\"M2 0a2 2 0 0 0-2 2v2h1.5V2a.5.5 0 0 1 .5-.5h2V0H2Zm2 10.5H2a.5.5 0 0 1-.5-.5V8H0v2a2 2 0 0 0 2 2h2v-1.5ZM8 12v-1.5h2a.5.5 0 0 0 .5-.5V8H12v2a2 2 0 0 1-2 2H8Zm2-12a2 2 0 0 1 2 2v2h-1.5V2a.5.5 0 0 0-.5-.5H8V0h2Z\" \/>\n\t\t\t<\/svg>\n\t\t<\/button><\/figure><p>Las toberas de polipropileno de <a href=\"https:\/\/www.cvsserviciosdeagua.com\/\">CVS Servicios de Agua<\/a>, cumplen con los estandares internacionales, usamos material virgen con aditivos antioxidante y proteccion UV en color estandar negro o blanco, o el requerido por el cliente a partir de las 1000 piezas de producci\u00f3n.<\/p>","protected":false},"excerpt":{"rendered":"<p>Las toberas de polipropileno o pl\u00e1sticas, se fabrican con conexi\u00f3n NPT, ESPECIALES con&nbsp; conexi\u00f3n de \u00bd, ESTANDAR \u00be\u201d, o la requerida por el cliente desde &hellip; <\/p>\n","protected":false},"author":1,"featured_media":0,"parent":0,"menu_order":0,"comment_status":"closed","ping_status":"closed","template":"","meta":{"om_disable_all_campaigns":false,"_themeisle_gutenberg_block_has_review":false,"footnotes":""},"class_list":["post-78","page","type-page","status-publish","hentry"],"yoast_head":"<!-- This site is optimized with the Yoast SEO plugin v24.3 - https:\/\/yoast.com\/wordpress\/plugins\/seo\/ -->\n<title>Toberas de Polipropileno - solotoberas.com<\/title>\n<meta name=\"robots\" content=\"index, follow, max-snippet:-1, max-image-preview:large, max-video-preview:-1\" \/>\n<link rel=\"canonical\" href=\"https:\/\/solotoberas.com\/index.php\/toberas-de-polipropileno\/\" \/>\n<meta property=\"og:locale\" content=\"en_US\" \/>\n<meta property=\"og:type\" content=\"article\" \/>\n<meta property=\"og:title\" content=\"Toberas de Polipropileno - solotoberas.com\" \/>\n<meta property=\"og:description\" content=\"Las toberas de polipropileno o pl\u00e1sticas, se fabrican con conexi\u00f3n NPT, ESPECIALES con&nbsp; conexi\u00f3n de \u00bd, ESTANDAR \u00be\u201d, o la requerida por el cliente desde &hellip;\" \/>\n<meta property=\"og:url\" content=\"https:\/\/solotoberas.com\/index.php\/toberas-de-polipropileno\/\" \/>\n<meta property=\"og:site_name\" content=\"solotoberas.com\" \/>\n<meta property=\"article:modified_time\" content=\"2024-01-17T22:52:13+00:00\" \/>\n<meta property=\"og:image\" content=\"http:\/\/solotoberas.com\/wp-content\/uploads\/2023\/11\/image-2-e1703271035122.png\" \/>\n<meta name=\"twitter:card\" content=\"summary_large_image\" \/>\n<meta name=\"twitter:label1\" content=\"Est. reading time\" \/>\n\t<meta name=\"twitter:data1\" content=\"1 minute\" \/>\n<script type=\"application\/ld+json\" class=\"yoast-schema-graph\">{\"@context\":\"https:\/\/schema.org\",\"@graph\":[{\"@type\":\"WebPage\",\"@id\":\"https:\/\/solotoberas.com\/index.php\/toberas-de-polipropileno\/\",\"url\":\"https:\/\/solotoberas.com\/index.php\/toberas-de-polipropileno\/\",\"name\":\"Toberas de Polipropileno - solotoberas.com\",\"isPartOf\":{\"@id\":\"https:\/\/solotoberas.com\/#website\"},\"primaryImageOfPage\":{\"@id\":\"https:\/\/solotoberas.com\/index.php\/toberas-de-polipropileno\/#primaryimage\"},\"image\":{\"@id\":\"https:\/\/solotoberas.com\/index.php\/toberas-de-polipropileno\/#primaryimage\"},\"thumbnailUrl\":\"http:\/\/solotoberas.com\/wp-content\/uploads\/2023\/11\/image-2-e1703271035122.png\",\"datePublished\":\"2023-11-14T16:43:45+00:00\",\"dateModified\":\"2024-01-17T22:52:13+00:00\",\"breadcrumb\":{\"@id\":\"https:\/\/solotoberas.com\/index.php\/toberas-de-polipropileno\/#breadcrumb\"},\"inLanguage\":\"en-US\",\"potentialAction\":[{\"@type\":\"ReadAction\",\"target\":[\"https:\/\/solotoberas.com\/index.php\/toberas-de-polipropileno\/\"]}]},{\"@type\":\"ImageObject\",\"inLanguage\":\"en-US\",\"@id\":\"https:\/\/solotoberas.com\/index.php\/toberas-de-polipropileno\/#primaryimage\",\"url\":\"https:\/\/solotoberas.com\/wp-content\/uploads\/2023\/11\/image-2-e1703271035122.png\",\"contentUrl\":\"https:\/\/solotoberas.com\/wp-content\/uploads\/2023\/11\/image-2-e1703271035122.png\",\"width\":976,\"height\":727},{\"@type\":\"BreadcrumbList\",\"@id\":\"https:\/\/solotoberas.com\/index.php\/toberas-de-polipropileno\/#breadcrumb\",\"itemListElement\":[{\"@type\":\"ListItem\",\"position\":1,\"name\":\"Home\",\"item\":\"https:\/\/solotoberas.com\/\"},{\"@type\":\"ListItem\",\"position\":2,\"name\":\"Toberas de Polipropileno\"}]},{\"@type\":\"WebSite\",\"@id\":\"https:\/\/solotoberas.com\/#website\",\"url\":\"https:\/\/solotoberas.com\/\",\"name\":\"solotoberas.com\",\"description\":\"\",\"publisher\":{\"@id\":\"https:\/\/solotoberas.com\/#organization\"},\"potentialAction\":[{\"@type\":\"SearchAction\",\"target\":{\"@type\":\"EntryPoint\",\"urlTemplate\":\"https:\/\/solotoberas.com\/?s={search_term_string}\"},\"query-input\":{\"@type\":\"PropertyValueSpecification\",\"valueRequired\":true,\"valueName\":\"search_term_string\"}}],\"inLanguage\":\"en-US\"},{\"@type\":\"Organization\",\"@id\":\"https:\/\/solotoberas.com\/#organization\",\"name\":\"solotoberas.com\",\"url\":\"https:\/\/solotoberas.com\/\",\"logo\":{\"@type\":\"ImageObject\",\"inLanguage\":\"en-US\",\"@id\":\"https:\/\/solotoberas.com\/#\/schema\/logo\/image\/\",\"url\":\"https:\/\/solotoberas.com\/wp-content\/uploads\/2023\/11\/cropped-logo.jpg\",\"contentUrl\":\"https:\/\/solotoberas.com\/wp-content\/uploads\/2023\/11\/cropped-logo.jpg\",\"width\":561,\"height\":207,\"caption\":\"solotoberas.com\"},\"image\":{\"@id\":\"https:\/\/solotoberas.com\/#\/schema\/logo\/image\/\"}}]}<\/script>\n<!-- \/ Yoast SEO plugin. -->","yoast_head_json":{"title":"Toberas de Polipropileno - solotoberas.com","robots":{"index":"index","follow":"follow","max-snippet":"max-snippet:-1","max-image-preview":"max-image-preview:large","max-video-preview":"max-video-preview:-1"},"canonical":"https:\/\/solotoberas.com\/index.php\/toberas-de-polipropileno\/","og_locale":"en_US","og_type":"article","og_title":"Toberas de Polipropileno - solotoberas.com","og_description":"Las toberas de polipropileno o pl\u00e1sticas, se fabrican con conexi\u00f3n NPT, ESPECIALES con&nbsp; conexi\u00f3n de \u00bd, ESTANDAR \u00be\u201d, o la requerida por el cliente desde &hellip;","og_url":"https:\/\/solotoberas.com\/index.php\/toberas-de-polipropileno\/","og_site_name":"solotoberas.com","article_modified_time":"2024-01-17T22:52:13+00:00","og_image":[{"url":"http:\/\/solotoberas.com\/wp-content\/uploads\/2023\/11\/image-2-e1703271035122.png","type":"","width":"","height":""}],"twitter_card":"summary_large_image","twitter_misc":{"Est. reading time":"1 minute"},"schema":{"@context":"https:\/\/schema.org","@graph":[{"@type":"WebPage","@id":"https:\/\/solotoberas.com\/index.php\/toberas-de-polipropileno\/","url":"https:\/\/solotoberas.com\/index.php\/toberas-de-polipropileno\/","name":"Toberas de Polipropileno - solotoberas.com","isPartOf":{"@id":"https:\/\/solotoberas.com\/#website"},"primaryImageOfPage":{"@id":"https:\/\/solotoberas.com\/index.php\/toberas-de-polipropileno\/#primaryimage"},"image":{"@id":"https:\/\/solotoberas.com\/index.php\/toberas-de-polipropileno\/#primaryimage"},"thumbnailUrl":"http:\/\/solotoberas.com\/wp-content\/uploads\/2023\/11\/image-2-e1703271035122.png","datePublished":"2023-11-14T16:43:45+00:00","dateModified":"2024-01-17T22:52:13+00:00","breadcrumb":{"@id":"https:\/\/solotoberas.com\/index.php\/toberas-de-polipropileno\/#breadcrumb"},"inLanguage":"en-US","potentialAction":[{"@type":"ReadAction","target":["https:\/\/solotoberas.com\/index.php\/toberas-de-polipropileno\/"]}]},{"@type":"ImageObject","inLanguage":"en-US","@id":"https:\/\/solotoberas.com\/index.php\/toberas-de-polipropileno\/#primaryimage","url":"https:\/\/solotoberas.com\/wp-content\/uploads\/2023\/11\/image-2-e1703271035122.png","contentUrl":"https:\/\/solotoberas.com\/wp-content\/uploads\/2023\/11\/image-2-e1703271035122.png","width":976,"height":727},{"@type":"BreadcrumbList","@id":"https:\/\/solotoberas.com\/index.php\/toberas-de-polipropileno\/#breadcrumb","itemListElement":[{"@type":"ListItem","position":1,"name":"Home","item":"https:\/\/solotoberas.com\/"},{"@type":"ListItem","position":2,"name":"Toberas de Polipropileno"}]},{"@type":"WebSite","@id":"https:\/\/solotoberas.com\/#website","url":"https:\/\/solotoberas.com\/","name":"solotoberas.com","description":"","publisher":{"@id":"https:\/\/solotoberas.com\/#organization"},"potentialAction":[{"@type":"SearchAction","target":{"@type":"EntryPoint","urlTemplate":"https:\/\/solotoberas.com\/?s={search_term_string}"},"query-input":{"@type":"PropertyValueSpecification","valueRequired":true,"valueName":"search_term_string"}}],"inLanguage":"en-US"},{"@type":"Organization","@id":"https:\/\/solotoberas.com\/#organization","name":"solotoberas.com","url":"https:\/\/solotoberas.com\/","logo":{"@type":"ImageObject","inLanguage":"en-US","@id":"https:\/\/solotoberas.com\/#\/schema\/logo\/image\/","url":"https:\/\/solotoberas.com\/wp-content\/uploads\/2023\/11\/cropped-logo.jpg","contentUrl":"https:\/\/solotoberas.com\/wp-content\/uploads\/2023\/11\/cropped-logo.jpg","width":561,"height":207,"caption":"solotoberas.com"},"image":{"@id":"https:\/\/solotoberas.com\/#\/schema\/logo\/image\/"}}]}},"_links":{"self":[{"href":"https:\/\/solotoberas.com\/index.php\/wp-json\/wp\/v2\/pages\/78","targetHints":{"allow":["GET"]}}],"collection":[{"href":"https:\/\/solotoberas.com\/index.php\/wp-json\/wp\/v2\/pages"}],"about":[{"href":"https:\/\/solotoberas.com\/index.php\/wp-json\/wp\/v2\/types\/page"}],"author":[{"embeddable":true,"href":"https:\/\/solotoberas.com\/index.php\/wp-json\/wp\/v2\/users\/1"}],"replies":[{"embeddable":true,"href":"https:\/\/solotoberas.com\/index.php\/wp-json\/wp\/v2\/comments?post=78"}],"version-history":[{"count":7,"href":"https:\/\/solotoberas.com\/index.php\/wp-json\/wp\/v2\/pages\/78\/revisions"}],"predecessor-version":[{"id":457,"href":"https:\/\/solotoberas.com\/index.php\/wp-json\/wp\/v2\/pages\/78\/revisions\/457"}],"wp:attachment":[{"href":"https:\/\/solotoberas.com\/index.php\/wp-json\/wp\/v2\/media?parent=78"}],"curies":[{"name":"wp","href":"https:\/\/api.w.org\/{rel}","templated":true}]}}