{"id":465,"date":"2024-01-18T18:58:43","date_gmt":"2024-01-18T18:58:43","guid":{"rendered":"https:\/\/solotoberas.com\/?page_id=465"},"modified":"2025-05-02T22:27:01","modified_gmt":"2025-05-02T22:27:01","slug":"accesorios-de-instalacion","status":"publish","type":"page","link":"https:\/\/solotoberas.com\/index.php\/accesorios-de-instalacion\/","title":{"rendered":"Accesorios de instalaci\u00f3n"},"content":{"rendered":"<div class=\"wp-block-columns is-layout-flex wp-container-core-columns-is-layout-9d6595d7 wp-block-columns-is-layout-flex\"><div class=\"wp-block-column is-layout-flow wp-block-column-is-layout-flow\" style=\"flex-basis:50%\"><div class=\"wp-block-group\"><div class=\"wp-block-group__inner-container is-layout-constrained wp-block-group-is-layout-constrained\"><div class=\"wp-block-columns is-layout-flex wp-container-core-columns-is-layout-9d6595d7 wp-block-columns-is-layout-flex\"><div class=\"wp-block-column is-layout-flow wp-block-column-is-layout-flow\" style=\"flex-basis:100%\"><p>Tambi\u00e9n contamos con diversos accesorios de instalaci\u00f3n para colocar sus Toberas en el filtro de su selecci\u00f3n.<\/p><\/div><\/div><\/div><\/div><\/div>\n\n<div class=\"wp-block-column is-layout-flow wp-block-column-is-layout-flow\" style=\"flex-basis:50%\"><figure data-wp-context=\"{&quot;imageId&quot;:&quot;6a05fd681ec72&quot;}\" data-wp-interactive=\"core\/image\" data-wp-key=\"6a05fd681ec72\" class=\"wp-block-image size-full is-resized wp-lightbox-container\"><img loading=\"lazy\" decoding=\"async\" width=\"994\" height=\"808\" data-wp-class--hide=\"state.isContentHidden\" data-wp-class--show=\"state.isContentVisible\" data-wp-init=\"callbacks.setButtonStyles\" data-wp-on--click=\"actions.showLightbox\" data-wp-on--load=\"callbacks.setButtonStyles\" data-wp-on-window--resize=\"callbacks.setButtonStyles\" src=\"https:\/\/solotoberas.com\/wp-content\/uploads\/2024\/01\/IMG-20240117-WA0039.jpg\" alt=\"\" class=\"wp-image-466\" style=\"width:505px;height:auto\" srcset=\"https:\/\/solotoberas.com\/wp-content\/uploads\/2024\/01\/IMG-20240117-WA0039.jpg 994w, https:\/\/solotoberas.com\/wp-content\/uploads\/2024\/01\/IMG-20240117-WA0039-300x244.jpg 300w, https:\/\/solotoberas.com\/wp-content\/uploads\/2024\/01\/IMG-20240117-WA0039-768x624.jpg 768w, https:\/\/solotoberas.com\/wp-content\/uploads\/2024\/01\/IMG-20240117-WA0039-74x60.jpg 74w, https:\/\/solotoberas.com\/wp-content\/uploads\/2024\/01\/IMG-20240117-WA0039-600x488.jpg 600w\" sizes=\"auto, (max-width: 994px) 100vw, 994px\" \/><button\n\t\t\tclass=\"lightbox-trigger\"\n\t\t\ttype=\"button\"\n\t\t\taria-haspopup=\"dialog\"\n\t\t\taria-label=\"Enlarge\"\n\t\t\tdata-wp-init=\"callbacks.initTriggerButton\"\n\t\t\tdata-wp-on--click=\"actions.showLightbox\"\n\t\t\tdata-wp-style--right=\"state.imageButtonRight\"\n\t\t\tdata-wp-style--top=\"state.imageButtonTop\"\n\t\t>\n\t\t\t<svg xmlns=\"http:\/\/www.w3.org\/2000\/svg\" width=\"12\" height=\"12\" fill=\"none\" viewBox=\"0 0 12 12\">\n\t\t\t\t<path fill=\"#fff\" d=\"M2 0a2 2 0 0 0-2 2v2h1.5V2a.5.5 0 0 1 .5-.5h2V0H2Zm2 10.5H2a.5.5 0 0 1-.5-.5V8H0v2a2 2 0 0 0 2 2h2v-1.5ZM8 12v-1.5h2a.5.5 0 0 0 .5-.5V8H12v2a2 2 0 0 1-2 2H8Zm2-12a2 2 0 0 1 2 2v2h-1.5V2a.5.5 0 0 0-.5-.5H8V0h2Z\" \/>\n\t\t\t<\/svg>\n\t\t<\/button><figcaption class=\"wp-element-caption\">Manguito para torre de enfriamiento modelo     CVS-ATP<\/figcaption><\/figure><\/div><\/div><div class=\"wp-block-image is-style-default\"><figure class=\"alignleft size-large is-resized\"><img loading=\"lazy\" decoding=\"async\" width=\"1024\" height=\"767\" src=\"https:\/\/solotoberas.com\/wp-content\/uploads\/2025\/05\/WhatsApp-Image-2025-05-02-at-4.06.52-PM-1024x767.jpeg\" alt=\"manguito para instalacion de espreas\" class=\"wp-image-536\" style=\"width:379px;height:auto\" srcset=\"https:\/\/solotoberas.com\/wp-content\/uploads\/2025\/05\/WhatsApp-Image-2025-05-02-at-4.06.52-PM-1024x767.jpeg 1024w, https:\/\/solotoberas.com\/wp-content\/uploads\/2025\/05\/WhatsApp-Image-2025-05-02-at-4.06.52-PM-300x225.jpeg 300w, https:\/\/solotoberas.com\/wp-content\/uploads\/2025\/05\/WhatsApp-Image-2025-05-02-at-4.06.52-PM-768x575.jpeg 768w, https:\/\/solotoberas.com\/wp-content\/uploads\/2025\/05\/WhatsApp-Image-2025-05-02-at-4.06.52-PM-600x449.jpeg 600w, https:\/\/solotoberas.com\/wp-content\/uploads\/2025\/05\/WhatsApp-Image-2025-05-02-at-4.06.52-PM.jpeg 1298w\" sizes=\"auto, (max-width: 1024px) 100vw, 1024px\" \/><\/figure><\/div><div class=\"wp-block-columns is-layout-flex wp-container-core-columns-is-layout-9d6595d7 wp-block-columns-is-layout-flex\"><div class=\"wp-block-column is-layout-flow wp-block-column-is-layout-flow\" style=\"flex-basis:33.33%\"><figure data-wp-context=\"{&quot;imageId&quot;:&quot;6a05fd681f284&quot;}\" data-wp-interactive=\"core\/image\" data-wp-key=\"6a05fd681f284\" class=\"wp-block-image size-large wp-lightbox-container\"><img loading=\"lazy\" decoding=\"async\" width=\"880\" height=\"1024\" data-wp-class--hide=\"state.isContentHidden\" data-wp-class--show=\"state.isContentVisible\" data-wp-init=\"callbacks.setButtonStyles\" data-wp-on--click=\"actions.showLightbox\" data-wp-on--load=\"callbacks.setButtonStyles\" data-wp-on-window--resize=\"callbacks.setButtonStyles\" src=\"http:\/\/solotoberas.com\/wp-content\/uploads\/2024\/01\/IMG-20240116-WA0055-880x1024.jpg\" alt=\"\" class=\"wp-image-467\" srcset=\"https:\/\/solotoberas.com\/wp-content\/uploads\/2024\/01\/IMG-20240116-WA0055-880x1024.jpg 880w, https:\/\/solotoberas.com\/wp-content\/uploads\/2024\/01\/IMG-20240116-WA0055-258x300.jpg 258w, https:\/\/solotoberas.com\/wp-content\/uploads\/2024\/01\/IMG-20240116-WA0055-768x894.jpg 768w, https:\/\/solotoberas.com\/wp-content\/uploads\/2024\/01\/IMG-20240116-WA0055-52x60.jpg 52w, https:\/\/solotoberas.com\/wp-content\/uploads\/2024\/01\/IMG-20240116-WA0055-600x698.jpg 600w, https:\/\/solotoberas.com\/wp-content\/uploads\/2024\/01\/IMG-20240116-WA0055.jpg 1100w\" sizes=\"auto, (max-width: 880px) 100vw, 880px\" \/><button\n\t\t\tclass=\"lightbox-trigger\"\n\t\t\ttype=\"button\"\n\t\t\taria-haspopup=\"dialog\"\n\t\t\taria-label=\"Enlarge\"\n\t\t\tdata-wp-init=\"callbacks.initTriggerButton\"\n\t\t\tdata-wp-on--click=\"actions.showLightbox\"\n\t\t\tdata-wp-style--right=\"state.imageButtonRight\"\n\t\t\tdata-wp-style--top=\"state.imageButtonTop\"\n\t\t>\n\t\t\t<svg xmlns=\"http:\/\/www.w3.org\/2000\/svg\" width=\"12\" height=\"12\" fill=\"none\" viewBox=\"0 0 12 12\">\n\t\t\t\t<path fill=\"#fff\" d=\"M2 0a2 2 0 0 0-2 2v2h1.5V2a.5.5 0 0 1 .5-.5h2V0H2Zm2 10.5H2a.5.5 0 0 1-.5-.5V8H0v2a2 2 0 0 0 2 2h2v-1.5ZM8 12v-1.5h2a.5.5 0 0 0 .5-.5V8H12v2a2 2 0 0 1-2 2H8Zm2-12a2 2 0 0 1 2 2v2h-1.5V2a.5.5 0 0 0-.5-.5H8V0h2Z\" \/>\n\t\t\t<\/svg>\n\t\t<\/button><\/figure><\/div>\n\n<div class=\"wp-block-column is-layout-flow wp-block-column-is-layout-flow\" style=\"flex-basis:33.33%\"><figure data-wp-context=\"{&quot;imageId&quot;:&quot;6a05fd681f697&quot;}\" data-wp-interactive=\"core\/image\" data-wp-key=\"6a05fd681f697\" class=\"wp-block-image size-full is-resized wp-lightbox-container\"><img loading=\"lazy\" decoding=\"async\" width=\"258\" height=\"387\" data-wp-class--hide=\"state.isContentHidden\" data-wp-class--show=\"state.isContentVisible\" data-wp-init=\"callbacks.setButtonStyles\" data-wp-on--click=\"actions.showLightbox\" data-wp-on--load=\"callbacks.setButtonStyles\" data-wp-on-window--resize=\"callbacks.setButtonStyles\" src=\"http:\/\/solotoberas.com\/wp-content\/uploads\/2024\/01\/Imagen11.png\" alt=\"\" class=\"wp-image-470\" style=\"width:334px;height:auto\" srcset=\"https:\/\/solotoberas.com\/wp-content\/uploads\/2024\/01\/Imagen11.png 258w, https:\/\/solotoberas.com\/wp-content\/uploads\/2024\/01\/Imagen11-200x300.png 200w, https:\/\/solotoberas.com\/wp-content\/uploads\/2024\/01\/Imagen11-40x60.png 40w\" sizes=\"auto, (max-width: 258px) 100vw, 258px\" \/><button\n\t\t\tclass=\"lightbox-trigger\"\n\t\t\ttype=\"button\"\n\t\t\taria-haspopup=\"dialog\"\n\t\t\taria-label=\"Enlarge\"\n\t\t\tdata-wp-init=\"callbacks.initTriggerButton\"\n\t\t\tdata-wp-on--click=\"actions.showLightbox\"\n\t\t\tdata-wp-style--right=\"state.imageButtonRight\"\n\t\t\tdata-wp-style--top=\"state.imageButtonTop\"\n\t\t>\n\t\t\t<svg xmlns=\"http:\/\/www.w3.org\/2000\/svg\" width=\"12\" height=\"12\" fill=\"none\" viewBox=\"0 0 12 12\">\n\t\t\t\t<path fill=\"#fff\" d=\"M2 0a2 2 0 0 0-2 2v2h1.5V2a.5.5 0 0 1 .5-.5h2V0H2Zm2 10.5H2a.5.5 0 0 1-.5-.5V8H0v2a2 2 0 0 0 2 2h2v-1.5ZM8 12v-1.5h2a.5.5 0 0 0 .5-.5V8H12v2a2 2 0 0 1-2 2H8Zm2-12a2 2 0 0 1 2 2v2h-1.5V2a.5.5 0 0 0-.5-.5H8V0h2Z\" \/>\n\t\t\t<\/svg>\n\t\t<\/button><\/figure><\/div>\n\n<div class=\"wp-block-column is-layout-flow wp-block-column-is-layout-flow\" style=\"flex-basis:33.33%\"><figure data-wp-context=\"{&quot;imageId&quot;:&quot;6a05fd681fa9f&quot;}\" data-wp-interactive=\"core\/image\" data-wp-key=\"6a05fd681fa9f\" class=\"wp-block-image size-full is-resized wp-lightbox-container\"><img loading=\"lazy\" decoding=\"async\" width=\"287\" height=\"272\" data-wp-class--hide=\"state.isContentHidden\" data-wp-class--show=\"state.isContentVisible\" data-wp-init=\"callbacks.setButtonStyles\" data-wp-on--click=\"actions.showLightbox\" data-wp-on--load=\"callbacks.setButtonStyles\" data-wp-on-window--resize=\"callbacks.setButtonStyles\" src=\"http:\/\/solotoberas.com\/wp-content\/uploads\/2024\/01\/Imagen12.png\" alt=\"\" class=\"wp-image-471\" style=\"width:328px;height:auto\" srcset=\"https:\/\/solotoberas.com\/wp-content\/uploads\/2024\/01\/Imagen12.png 287w, https:\/\/solotoberas.com\/wp-content\/uploads\/2024\/01\/Imagen12-63x60.png 63w\" sizes=\"auto, (max-width: 287px) 100vw, 287px\" \/><button\n\t\t\tclass=\"lightbox-trigger\"\n\t\t\ttype=\"button\"\n\t\t\taria-haspopup=\"dialog\"\n\t\t\taria-label=\"Enlarge\"\n\t\t\tdata-wp-init=\"callbacks.initTriggerButton\"\n\t\t\tdata-wp-on--click=\"actions.showLightbox\"\n\t\t\tdata-wp-style--right=\"state.imageButtonRight\"\n\t\t\tdata-wp-style--top=\"state.imageButtonTop\"\n\t\t>\n\t\t\t<svg xmlns=\"http:\/\/www.w3.org\/2000\/svg\" width=\"12\" height=\"12\" fill=\"none\" viewBox=\"0 0 12 12\">\n\t\t\t\t<path fill=\"#fff\" d=\"M2 0a2 2 0 0 0-2 2v2h1.5V2a.5.5 0 0 1 .5-.5h2V0H2Zm2 10.5H2a.5.5 0 0 1-.5-.5V8H0v2a2 2 0 0 0 2 2h2v-1.5ZM8 12v-1.5h2a.5.5 0 0 0 .5-.5V8H12v2a2 2 0 0 1-2 2H8Zm2-12a2 2 0 0 1 2 2v2h-1.5V2a.5.5 0 0 0-.5-.5H8V0h2Z\" \/>\n\t\t\t<\/svg>\n\t\t<\/button><\/figure><\/div><\/div><div class=\"wp-block-columns is-layout-flex wp-container-core-columns-is-layout-9d6595d7 wp-block-columns-is-layout-flex\"><div class=\"wp-block-column is-layout-flow wp-block-column-is-layout-flow\" style=\"flex-basis:33.34%\"><figure data-wp-context=\"{&quot;imageId&quot;:&quot;6a05fd681ff74&quot;}\" data-wp-interactive=\"core\/image\" data-wp-key=\"6a05fd681ff74\" class=\"wp-block-image size-full is-resized wp-lightbox-container\"><img loading=\"lazy\" decoding=\"async\" width=\"895\" height=\"792\" data-wp-class--hide=\"state.isContentHidden\" data-wp-class--show=\"state.isContentVisible\" data-wp-init=\"callbacks.setButtonStyles\" data-wp-on--click=\"actions.showLightbox\" data-wp-on--load=\"callbacks.setButtonStyles\" data-wp-on-window--resize=\"callbacks.setButtonStyles\" src=\"http:\/\/solotoberas.com\/wp-content\/uploads\/2024\/01\/IMG-20240117-WA0028.jpg\" alt=\"\" class=\"wp-image-468\" style=\"width:339px;height:auto\" srcset=\"https:\/\/solotoberas.com\/wp-content\/uploads\/2024\/01\/IMG-20240117-WA0028.jpg 895w, https:\/\/solotoberas.com\/wp-content\/uploads\/2024\/01\/IMG-20240117-WA0028-300x265.jpg 300w, https:\/\/solotoberas.com\/wp-content\/uploads\/2024\/01\/IMG-20240117-WA0028-768x680.jpg 768w, https:\/\/solotoberas.com\/wp-content\/uploads\/2024\/01\/IMG-20240117-WA0028-68x60.jpg 68w, https:\/\/solotoberas.com\/wp-content\/uploads\/2024\/01\/IMG-20240117-WA0028-600x531.jpg 600w\" sizes=\"auto, (max-width: 895px) 100vw, 895px\" \/><button\n\t\t\tclass=\"lightbox-trigger\"\n\t\t\ttype=\"button\"\n\t\t\taria-haspopup=\"dialog\"\n\t\t\taria-label=\"Enlarge\"\n\t\t\tdata-wp-init=\"callbacks.initTriggerButton\"\n\t\t\tdata-wp-on--click=\"actions.showLightbox\"\n\t\t\tdata-wp-style--right=\"state.imageButtonRight\"\n\t\t\tdata-wp-style--top=\"state.imageButtonTop\"\n\t\t>\n\t\t\t<svg xmlns=\"http:\/\/www.w3.org\/2000\/svg\" width=\"12\" height=\"12\" fill=\"none\" viewBox=\"0 0 12 12\">\n\t\t\t\t<path fill=\"#fff\" d=\"M2 0a2 2 0 0 0-2 2v2h1.5V2a.5.5 0 0 1 .5-.5h2V0H2Zm2 10.5H2a.5.5 0 0 1-.5-.5V8H0v2a2 2 0 0 0 2 2h2v-1.5ZM8 12v-1.5h2a.5.5 0 0 0 .5-.5V8H12v2a2 2 0 0 1-2 2H8Zm2-12a2 2 0 0 1 2 2v2h-1.5V2a.5.5 0 0 0-.5-.5H8V0h2Z\" \/>\n\t\t\t<\/svg>\n\t\t<\/button><\/figure><\/div>\n\n<div class=\"wp-block-column is-layout-flow wp-block-column-is-layout-flow\" style=\"flex-basis:33.34%\"><figure data-wp-context=\"{&quot;imageId&quot;:&quot;6a05fd6820387&quot;}\" data-wp-interactive=\"core\/image\" data-wp-key=\"6a05fd6820387\" class=\"wp-block-image size-full is-resized wp-lightbox-container\"><img loading=\"lazy\" decoding=\"async\" width=\"922\" height=\"816\" data-wp-class--hide=\"state.isContentHidden\" data-wp-class--show=\"state.isContentVisible\" data-wp-init=\"callbacks.setButtonStyles\" data-wp-on--click=\"actions.showLightbox\" data-wp-on--load=\"callbacks.setButtonStyles\" data-wp-on-window--resize=\"callbacks.setButtonStyles\" src=\"http:\/\/solotoberas.com\/wp-content\/uploads\/2024\/01\/IMG-20240117-WA0029.jpg\" alt=\"\" class=\"wp-image-469\" style=\"width:356px;height:auto\" srcset=\"https:\/\/solotoberas.com\/wp-content\/uploads\/2024\/01\/IMG-20240117-WA0029.jpg 922w, https:\/\/solotoberas.com\/wp-content\/uploads\/2024\/01\/IMG-20240117-WA0029-300x266.jpg 300w, https:\/\/solotoberas.com\/wp-content\/uploads\/2024\/01\/IMG-20240117-WA0029-768x680.jpg 768w, https:\/\/solotoberas.com\/wp-content\/uploads\/2024\/01\/IMG-20240117-WA0029-68x60.jpg 68w, https:\/\/solotoberas.com\/wp-content\/uploads\/2024\/01\/IMG-20240117-WA0029-600x531.jpg 600w\" sizes=\"auto, (max-width: 922px) 100vw, 922px\" \/><button\n\t\t\tclass=\"lightbox-trigger\"\n\t\t\ttype=\"button\"\n\t\t\taria-haspopup=\"dialog\"\n\t\t\taria-label=\"Enlarge\"\n\t\t\tdata-wp-init=\"callbacks.initTriggerButton\"\n\t\t\tdata-wp-on--click=\"actions.showLightbox\"\n\t\t\tdata-wp-style--right=\"state.imageButtonRight\"\n\t\t\tdata-wp-style--top=\"state.imageButtonTop\"\n\t\t>\n\t\t\t<svg xmlns=\"http:\/\/www.w3.org\/2000\/svg\" width=\"12\" height=\"12\" fill=\"none\" viewBox=\"0 0 12 12\">\n\t\t\t\t<path fill=\"#fff\" d=\"M2 0a2 2 0 0 0-2 2v2h1.5V2a.5.5 0 0 1 .5-.5h2V0H2Zm2 10.5H2a.5.5 0 0 1-.5-.5V8H0v2a2 2 0 0 0 2 2h2v-1.5ZM8 12v-1.5h2a.5.5 0 0 0 .5-.5V8H12v2a2 2 0 0 1-2 2H8Zm2-12a2 2 0 0 1 2 2v2h-1.5V2a.5.5 0 0 0-.5-.5H8V0h2Z\" \/>\n\t\t\t<\/svg>\n\t\t<\/button><\/figure><\/div>\n\n<div class=\"wp-block-column is-layout-flow wp-block-column-is-layout-flow\" style=\"flex-basis:33.33%\"><figure data-wp-context=\"{&quot;imageId&quot;:&quot;6a05fd6820787&quot;}\" data-wp-interactive=\"core\/image\" data-wp-key=\"6a05fd6820787\" class=\"wp-block-image size-full is-resized wp-lightbox-container\"><img loading=\"lazy\" decoding=\"async\" width=\"322\" height=\"272\" data-wp-class--hide=\"state.isContentHidden\" data-wp-class--show=\"state.isContentVisible\" data-wp-init=\"callbacks.setButtonStyles\" data-wp-on--click=\"actions.showLightbox\" data-wp-on--load=\"callbacks.setButtonStyles\" data-wp-on-window--resize=\"callbacks.setButtonStyles\" src=\"https:\/\/solotoberas.com\/wp-content\/uploads\/2024\/01\/Imagen13.png\" alt=\"\" class=\"wp-image-472\" style=\"aspect-ratio:1.3333333333333333;object-fit:cover;width:425px;height:auto\" srcset=\"https:\/\/solotoberas.com\/wp-content\/uploads\/2024\/01\/Imagen13.png 322w, https:\/\/solotoberas.com\/wp-content\/uploads\/2024\/01\/Imagen13-300x253.png 300w, https:\/\/solotoberas.com\/wp-content\/uploads\/2024\/01\/Imagen13-71x60.png 71w\" sizes=\"auto, (max-width: 322px) 100vw, 322px\" \/><button\n\t\t\tclass=\"lightbox-trigger\"\n\t\t\ttype=\"button\"\n\t\t\taria-haspopup=\"dialog\"\n\t\t\taria-label=\"Enlarge\"\n\t\t\tdata-wp-init=\"callbacks.initTriggerButton\"\n\t\t\tdata-wp-on--click=\"actions.showLightbox\"\n\t\t\tdata-wp-style--right=\"state.imageButtonRight\"\n\t\t\tdata-wp-style--top=\"state.imageButtonTop\"\n\t\t>\n\t\t\t<svg xmlns=\"http:\/\/www.w3.org\/2000\/svg\" width=\"12\" height=\"12\" fill=\"none\" viewBox=\"0 0 12 12\">\n\t\t\t\t<path fill=\"#fff\" d=\"M2 0a2 2 0 0 0-2 2v2h1.5V2a.5.5 0 0 1 .5-.5h2V0H2Zm2 10.5H2a.5.5 0 0 1-.5-.5V8H0v2a2 2 0 0 0 2 2h2v-1.5ZM8 12v-1.5h2a.5.5 0 0 0 .5-.5V8H12v2a2 2 0 0 1-2 2H8Zm2-12a2 2 0 0 1 2 2v2h-1.5V2a.5.5 0 0 0-.5-.5H8V0h2Z\" \/>\n\t\t\t<\/svg>\n\t\t<\/button><\/figure><\/div><\/div>","protected":false},"excerpt":{"rendered":"<p>Tambi\u00e9n contamos con diversos accesorios de instalaci\u00f3n para colocar sus Toberas en el filtro de su selecci\u00f3n.<\/p>\n","protected":false},"author":1,"featured_media":0,"parent":0,"menu_order":0,"comment_status":"closed","ping_status":"closed","template":"","meta":{"om_disable_all_campaigns":false,"_themeisle_gutenberg_block_has_review":false,"footnotes":""},"class_list":["post-465","page","type-page","status-publish","hentry"],"yoast_head":"<!-- This site is optimized with the Yoast SEO plugin v24.3 - https:\/\/yoast.com\/wordpress\/plugins\/seo\/ -->\n<title>Accesorios de instalaci\u00f3n<\/title>\n<meta name=\"robots\" content=\"index, follow, max-snippet:-1, max-image-preview:large, max-video-preview:-1\" \/>\n<link rel=\"canonical\" href=\"https:\/\/solotoberas.com\/index.php\/accesorios-de-instalacion\/\" \/>\n<meta property=\"og:locale\" content=\"en_US\" \/>\n<meta property=\"og:type\" content=\"article\" \/>\n<meta property=\"og:title\" content=\"Accesorios de instalaci\u00f3n\" \/>\n<meta property=\"og:description\" content=\"Tambi\u00e9n contamos con diversos accesorios de instalaci\u00f3n para colocar sus Toberas en el filtro de su selecci\u00f3n.\" \/>\n<meta property=\"og:url\" content=\"https:\/\/solotoberas.com\/index.php\/accesorios-de-instalacion\/\" \/>\n<meta property=\"og:site_name\" content=\"solotoberas.com\" \/>\n<meta property=\"article:modified_time\" content=\"2025-05-02T22:27:01+00:00\" \/>\n<meta property=\"og:image\" content=\"https:\/\/solotoberas.com\/wp-content\/uploads\/2024\/01\/IMG-20240117-WA0039.jpg\" \/>\n\t<meta property=\"og:image:width\" content=\"994\" \/>\n\t<meta property=\"og:image:height\" content=\"808\" \/>\n\t<meta property=\"og:image:type\" content=\"image\/jpeg\" \/>\n<meta name=\"twitter:card\" content=\"summary_large_image\" \/>\n<meta name=\"twitter:label1\" content=\"Est. reading time\" \/>\n\t<meta name=\"twitter:data1\" content=\"2 minutes\" \/>\n<script type=\"application\/ld+json\" class=\"yoast-schema-graph\">{\"@context\":\"https:\/\/schema.org\",\"@graph\":[{\"@type\":\"WebPage\",\"@id\":\"https:\/\/solotoberas.com\/index.php\/accesorios-de-instalacion\/\",\"url\":\"https:\/\/solotoberas.com\/index.php\/accesorios-de-instalacion\/\",\"name\":\"Accesorios de instalaci\u00f3n\",\"isPartOf\":{\"@id\":\"https:\/\/solotoberas.com\/#website\"},\"primaryImageOfPage\":{\"@id\":\"https:\/\/solotoberas.com\/index.php\/accesorios-de-instalacion\/#primaryimage\"},\"image\":{\"@id\":\"https:\/\/solotoberas.com\/index.php\/accesorios-de-instalacion\/#primaryimage\"},\"thumbnailUrl\":\"https:\/\/solotoberas.com\/wp-content\/uploads\/2024\/01\/IMG-20240117-WA0039.jpg\",\"datePublished\":\"2024-01-18T18:58:43+00:00\",\"dateModified\":\"2025-05-02T22:27:01+00:00\",\"breadcrumb\":{\"@id\":\"https:\/\/solotoberas.com\/index.php\/accesorios-de-instalacion\/#breadcrumb\"},\"inLanguage\":\"en-US\",\"potentialAction\":[{\"@type\":\"ReadAction\",\"target\":[\"https:\/\/solotoberas.com\/index.php\/accesorios-de-instalacion\/\"]}]},{\"@type\":\"ImageObject\",\"inLanguage\":\"en-US\",\"@id\":\"https:\/\/solotoberas.com\/index.php\/accesorios-de-instalacion\/#primaryimage\",\"url\":\"https:\/\/solotoberas.com\/wp-content\/uploads\/2024\/01\/IMG-20240117-WA0039.jpg\",\"contentUrl\":\"https:\/\/solotoberas.com\/wp-content\/uploads\/2024\/01\/IMG-20240117-WA0039.jpg\",\"width\":994,\"height\":808},{\"@type\":\"BreadcrumbList\",\"@id\":\"https:\/\/solotoberas.com\/index.php\/accesorios-de-instalacion\/#breadcrumb\",\"itemListElement\":[{\"@type\":\"ListItem\",\"position\":1,\"name\":\"Home\",\"item\":\"https:\/\/solotoberas.com\/\"},{\"@type\":\"ListItem\",\"position\":2,\"name\":\"Accesorios de instalaci\u00f3n\"}]},{\"@type\":\"WebSite\",\"@id\":\"https:\/\/solotoberas.com\/#website\",\"url\":\"https:\/\/solotoberas.com\/\",\"name\":\"solotoberas.com\",\"description\":\"\",\"publisher\":{\"@id\":\"https:\/\/solotoberas.com\/#organization\"},\"potentialAction\":[{\"@type\":\"SearchAction\",\"target\":{\"@type\":\"EntryPoint\",\"urlTemplate\":\"https:\/\/solotoberas.com\/?s={search_term_string}\"},\"query-input\":{\"@type\":\"PropertyValueSpecification\",\"valueRequired\":true,\"valueName\":\"search_term_string\"}}],\"inLanguage\":\"en-US\"},{\"@type\":\"Organization\",\"@id\":\"https:\/\/solotoberas.com\/#organization\",\"name\":\"solotoberas.com\",\"url\":\"https:\/\/solotoberas.com\/\",\"logo\":{\"@type\":\"ImageObject\",\"inLanguage\":\"en-US\",\"@id\":\"https:\/\/solotoberas.com\/#\/schema\/logo\/image\/\",\"url\":\"https:\/\/solotoberas.com\/wp-content\/uploads\/2023\/11\/cropped-logo.jpg\",\"contentUrl\":\"https:\/\/solotoberas.com\/wp-content\/uploads\/2023\/11\/cropped-logo.jpg\",\"width\":561,\"height\":207,\"caption\":\"solotoberas.com\"},\"image\":{\"@id\":\"https:\/\/solotoberas.com\/#\/schema\/logo\/image\/\"}}]}<\/script>\n<!-- \/ Yoast SEO plugin. -->","yoast_head_json":{"title":"Accesorios de instalaci\u00f3n","robots":{"index":"index","follow":"follow","max-snippet":"max-snippet:-1","max-image-preview":"max-image-preview:large","max-video-preview":"max-video-preview:-1"},"canonical":"https:\/\/solotoberas.com\/index.php\/accesorios-de-instalacion\/","og_locale":"en_US","og_type":"article","og_title":"Accesorios de instalaci\u00f3n","og_description":"Tambi\u00e9n contamos con diversos accesorios de instalaci\u00f3n para colocar sus Toberas en el filtro de su selecci\u00f3n.","og_url":"https:\/\/solotoberas.com\/index.php\/accesorios-de-instalacion\/","og_site_name":"solotoberas.com","article_modified_time":"2025-05-02T22:27:01+00:00","og_image":[{"width":994,"height":808,"url":"https:\/\/solotoberas.com\/wp-content\/uploads\/2024\/01\/IMG-20240117-WA0039.jpg","type":"image\/jpeg"}],"twitter_card":"summary_large_image","twitter_misc":{"Est. reading time":"2 minutes"},"schema":{"@context":"https:\/\/schema.org","@graph":[{"@type":"WebPage","@id":"https:\/\/solotoberas.com\/index.php\/accesorios-de-instalacion\/","url":"https:\/\/solotoberas.com\/index.php\/accesorios-de-instalacion\/","name":"Accesorios de instalaci\u00f3n","isPartOf":{"@id":"https:\/\/solotoberas.com\/#website"},"primaryImageOfPage":{"@id":"https:\/\/solotoberas.com\/index.php\/accesorios-de-instalacion\/#primaryimage"},"image":{"@id":"https:\/\/solotoberas.com\/index.php\/accesorios-de-instalacion\/#primaryimage"},"thumbnailUrl":"https:\/\/solotoberas.com\/wp-content\/uploads\/2024\/01\/IMG-20240117-WA0039.jpg","datePublished":"2024-01-18T18:58:43+00:00","dateModified":"2025-05-02T22:27:01+00:00","breadcrumb":{"@id":"https:\/\/solotoberas.com\/index.php\/accesorios-de-instalacion\/#breadcrumb"},"inLanguage":"en-US","potentialAction":[{"@type":"ReadAction","target":["https:\/\/solotoberas.com\/index.php\/accesorios-de-instalacion\/"]}]},{"@type":"ImageObject","inLanguage":"en-US","@id":"https:\/\/solotoberas.com\/index.php\/accesorios-de-instalacion\/#primaryimage","url":"https:\/\/solotoberas.com\/wp-content\/uploads\/2024\/01\/IMG-20240117-WA0039.jpg","contentUrl":"https:\/\/solotoberas.com\/wp-content\/uploads\/2024\/01\/IMG-20240117-WA0039.jpg","width":994,"height":808},{"@type":"BreadcrumbList","@id":"https:\/\/solotoberas.com\/index.php\/accesorios-de-instalacion\/#breadcrumb","itemListElement":[{"@type":"ListItem","position":1,"name":"Home","item":"https:\/\/solotoberas.com\/"},{"@type":"ListItem","position":2,"name":"Accesorios de instalaci\u00f3n"}]},{"@type":"WebSite","@id":"https:\/\/solotoberas.com\/#website","url":"https:\/\/solotoberas.com\/","name":"solotoberas.com","description":"","publisher":{"@id":"https:\/\/solotoberas.com\/#organization"},"potentialAction":[{"@type":"SearchAction","target":{"@type":"EntryPoint","urlTemplate":"https:\/\/solotoberas.com\/?s={search_term_string}"},"query-input":{"@type":"PropertyValueSpecification","valueRequired":true,"valueName":"search_term_string"}}],"inLanguage":"en-US"},{"@type":"Organization","@id":"https:\/\/solotoberas.com\/#organization","name":"solotoberas.com","url":"https:\/\/solotoberas.com\/","logo":{"@type":"ImageObject","inLanguage":"en-US","@id":"https:\/\/solotoberas.com\/#\/schema\/logo\/image\/","url":"https:\/\/solotoberas.com\/wp-content\/uploads\/2023\/11\/cropped-logo.jpg","contentUrl":"https:\/\/solotoberas.com\/wp-content\/uploads\/2023\/11\/cropped-logo.jpg","width":561,"height":207,"caption":"solotoberas.com"},"image":{"@id":"https:\/\/solotoberas.com\/#\/schema\/logo\/image\/"}}]}},"_links":{"self":[{"href":"https:\/\/solotoberas.com\/index.php\/wp-json\/wp\/v2\/pages\/465","targetHints":{"allow":["GET"]}}],"collection":[{"href":"https:\/\/solotoberas.com\/index.php\/wp-json\/wp\/v2\/pages"}],"about":[{"href":"https:\/\/solotoberas.com\/index.php\/wp-json\/wp\/v2\/types\/page"}],"author":[{"embeddable":true,"href":"https:\/\/solotoberas.com\/index.php\/wp-json\/wp\/v2\/users\/1"}],"replies":[{"embeddable":true,"href":"https:\/\/solotoberas.com\/index.php\/wp-json\/wp\/v2\/comments?post=465"}],"version-history":[{"count":4,"href":"https:\/\/solotoberas.com\/index.php\/wp-json\/wp\/v2\/pages\/465\/revisions"}],"predecessor-version":[{"id":537,"href":"https:\/\/solotoberas.com\/index.php\/wp-json\/wp\/v2\/pages\/465\/revisions\/537"}],"wp:attachment":[{"href":"https:\/\/solotoberas.com\/index.php\/wp-json\/wp\/v2\/media?parent=465"}],"curies":[{"name":"wp","href":"https:\/\/api.w.org\/{rel}","templated":true}]}}