{"id":36,"date":"2023-11-13T23:51:11","date_gmt":"2023-11-13T23:51:11","guid":{"rendered":"https:\/\/solotoberas.com\/?page_id=36"},"modified":"2024-01-13T16:31:29","modified_gmt":"2024-01-13T16:31:29","slug":"toberas-espreas","status":"publish","type":"page","link":"https:\/\/solotoberas.com\/index.php\/toberas-espreas\/","title":{"rendered":"Toberas\/espreas, acerca de"},"content":{"rendered":"<h2 class=\"wp-block-heading\">Acerca de las toberas\/espreas.<\/h2><p>Las toberas\/espreas son dispositivos dise\u00f1ados para controlar y dirigir el flujo de l\u00edquidos a trav\u00e9s de un medio filtrante. <\/p><p>Estas piezas, com\u00fanmente utilizadas en sistemas de purificaci\u00f3n de agua o aire, permiten una distribuci\u00f3n uniforme y eficiente del fluido. <\/p><p>Pero su dise\u00f1o optimizado facilita la retenci\u00f3n de part\u00edculas no deseadas, mejorando as\u00ed la calidad del medio tratado. <\/p><p>Estas toberas desempe\u00f1an un papel clave en procesos de filtraci\u00f3n al proporcionar una interfaz eficaz entre el flujo y el medio filtrante, contribuyendo a una filtraci\u00f3n efectiva y precisa.<\/p><div id=\"wp-block-themeisle-blocks-slider-0025f719\" class=\"wp-block-themeisle-blocks-slider alignwide glide\" data-per-view=\"1\" data-gap=\"0\" data-peek=\"0\" data-autoplay=\"true\" data-height=\"400px\" data-hide-arrows=\"false\"><div class=\"glide__track\" data-glide-el=\"track\"><div class=\"glide__slides\"><div class=\"wp-block-themeisle-blocks-slider-item-wrapper glide__slide\" tabindex=\"0\"><figure><img decoding=\"async\" class=\"wp-block-themeisle-blocks-slider-item\" src=\"http:\/\/solotoberas.com\/wp-content\/uploads\/2023\/12\/Imagen2.png\" alt=\"Tobera\/espreas de acero inoxidable\" title=\"Tobera\/espreas de acero inoxidable\" data-id=\"300\"\/><figcaption>Tobera tipo Jhonson <\/figcaption><\/figure><\/div><div class=\"wp-block-themeisle-blocks-slider-item-wrapper glide__slide\" tabindex=\"0\"><figure><img decoding=\"async\" class=\"wp-block-themeisle-blocks-slider-item\" src=\"http:\/\/solotoberas.com\/wp-content\/uploads\/2023\/12\/Imagen1.png\" alt=\"Tobera\/esprea de cola corta de origen europeo\/americano\" title=\"Tobera\/esprea de cola corta de origen europeo\/americano\" data-id=\"297\"\/><figcaption>Tobera cola corta<\/figcaption><\/figure><\/div><div class=\"wp-block-themeisle-blocks-slider-item-wrapper glide__slide\" tabindex=\"0\"><figure><img decoding=\"async\" class=\"wp-block-themeisle-blocks-slider-item\" src=\"http:\/\/solotoberas.com\/wp-content\/uploads\/2023\/12\/Imagen4.png\" alt=\"Tobera\/esprea microranurada de cola corta para suavizaci\u00f3n\" title=\"Tobera\/esprea microranurada de cola corta para suavizaci\u00f3n\" data-id=\"298\"\/><figcaption>Tobera cola corta <\/figcaption><\/figure><\/div><div class=\"wp-block-themeisle-blocks-slider-item-wrapper glide__slide\" tabindex=\"0\"><figure><img decoding=\"async\" class=\"wp-block-themeisle-blocks-slider-item\" src=\"http:\/\/solotoberas.com\/wp-content\/uploads\/2023\/12\/Imagen5.png\" alt=\"Tobera\/esprea microranurada de cola corta para suavizaci\u00f3n\" title=\"Tobera\/esprea microranurada de cola corta para suavizaci\u00f3n\" data-id=\"301\"\/><figcaption>Tobera cola corta<\/figcaption><\/figure><\/div><div class=\"wp-block-themeisle-blocks-slider-item-wrapper glide__slide\" tabindex=\"0\"><figure><img decoding=\"async\" class=\"wp-block-themeisle-blocks-slider-item\" src=\"http:\/\/solotoberas.com\/wp-content\/uploads\/2023\/12\/Imagen6.png\" alt=\"Tobera\/esprea microranurada cola larga\" title=\"Tobera\/esprea microranurada cola larga\" data-id=\"299\"\/><figcaption>Tobera cola larga<\/figcaption><\/figure><\/div><div class=\"wp-block-themeisle-blocks-slider-item-wrapper glide__slide\" tabindex=\"0\"><figure><img decoding=\"async\" class=\"wp-block-themeisle-blocks-slider-item\" src=\"http:\/\/solotoberas.com\/wp-content\/uploads\/2023\/12\/Imagen7.png\" alt=\"Hidroesfera tipo jhonson\" title=\"Hidroesfera tipo jhonson\" data-id=\"302\"\/><figcaption>Hidroesfera<\/figcaption><\/figure><\/div><div class=\"wp-block-themeisle-blocks-slider-item-wrapper glide__slide\" tabindex=\"0\"><figure><img decoding=\"async\" class=\"wp-block-themeisle-blocks-slider-item\" src=\"http:\/\/solotoberas.com\/wp-content\/uploads\/2023\/12\/Imagen3.png\" alt=\"Tobera\/esprea microranurada diferentes colores\" title=\"Tobera\/esprea microranurada diferentes colores\" data-id=\"303\"\/><figcaption>Toberas cola corta<\/figcaption><\/figure><\/div><\/div><div class=\"glide__bullets\" data-glide-el=\"controls[nav]\"><button class=\"glide__bullet\" data-glide-dir=\"=0\"><\/button><button class=\"glide__bullet\" data-glide-dir=\"=1\"><\/button><button class=\"glide__bullet\" data-glide-dir=\"=2\"><\/button><button class=\"glide__bullet\" data-glide-dir=\"=3\"><\/button><button class=\"glide__bullet\" data-glide-dir=\"=4\"><\/button><button class=\"glide__bullet\" data-glide-dir=\"=5\"><\/button><button class=\"glide__bullet\" data-glide-dir=\"=6\"><\/button><\/div><\/div><\/div><h2 class=\"wp-block-heading\">Nuestro proposito<\/h2><p class=\"has-text-align-left\">Nuestro sitio web trata de remediar la falta de informaci\u00f3n t\u00e9cnica que no le permite a los usuarios y dise\u00f1adores seleccionar adecuadamente las toberas\/espreas. <\/p><p class=\"has-text-align-left\">A causa de lo anterior, paulatinamente, aumenta el pensamiento de que la fabricaci\u00f3n nacional no cumple con los est\u00e1ndares internacionales.<\/p><p class=\"has-text-align-left\">En el mercado internacional existen infinidad de tama\u00f1os, ranuras y tipos, entre los cuales se les conocen como:<\/p><h3 class=\"wp-block-heading\">Toberas.<\/h3><h3 class=\"wp-block-heading\">Crepinas.<\/h3><h3 class=\"wp-block-heading\">Espreas microranuradas.<\/h3><h3 class=\"wp-block-heading\">Busselures.<\/h3><h3 class=\"wp-block-heading\">Filter nozzles.<\/h3><h3 class=\"wp-block-heading\">Cebollines.<\/h3><div class=\"wp-block-image is-style-default\"><figure data-wp-context=\"{&quot;imageId&quot;:&quot;6a05fd22d0eec&quot;}\" data-wp-interactive=\"core\/image\" data-wp-key=\"6a05fd22d0eec\" class=\"alignright size-medium wp-lightbox-container\"><img loading=\"lazy\" decoding=\"async\" width=\"300\" height=\"167\" data-wp-class--hide=\"state.isContentHidden\" data-wp-class--show=\"state.isContentVisible\" data-wp-init=\"callbacks.setButtonStyles\" data-wp-on--click=\"actions.showLightbox\" data-wp-on--load=\"callbacks.setButtonStyles\" data-wp-on-window--resize=\"callbacks.setButtonStyles\" src=\"https:\/\/solotoberas.com\/wp-content\/uploads\/2023\/11\/image-1-300x167.png\" alt=\"diferentes modelos a seleccionar toberas\/espreas\" class=\"wp-image-48\" srcset=\"https:\/\/solotoberas.com\/wp-content\/uploads\/2023\/11\/image-1-300x167.png 300w, https:\/\/solotoberas.com\/wp-content\/uploads\/2023\/11\/image-1-600x335.png 600w, https:\/\/solotoberas.com\/wp-content\/uploads\/2023\/11\/image-1-768x428.png 768w, https:\/\/solotoberas.com\/wp-content\/uploads\/2023\/11\/image-1.png 900w\" sizes=\"auto, (max-width: 300px) 100vw, 300px\" \/><button\n\t\t\tclass=\"lightbox-trigger\"\n\t\t\ttype=\"button\"\n\t\t\taria-haspopup=\"dialog\"\n\t\t\taria-label=\"Enlarge\"\n\t\t\tdata-wp-init=\"callbacks.initTriggerButton\"\n\t\t\tdata-wp-on--click=\"actions.showLightbox\"\n\t\t\tdata-wp-style--right=\"state.imageButtonRight\"\n\t\t\tdata-wp-style--top=\"state.imageButtonTop\"\n\t\t>\n\t\t\t<svg xmlns=\"http:\/\/www.w3.org\/2000\/svg\" width=\"12\" height=\"12\" fill=\"none\" viewBox=\"0 0 12 12\">\n\t\t\t\t<path fill=\"#fff\" d=\"M2 0a2 2 0 0 0-2 2v2h1.5V2a.5.5 0 0 1 .5-.5h2V0H2Zm2 10.5H2a.5.5 0 0 1-.5-.5V8H0v2a2 2 0 0 0 2 2h2v-1.5ZM8 12v-1.5h2a.5.5 0 0 0 .5-.5V8H12v2a2 2 0 0 1-2 2H8Zm2-12a2 2 0 0 1 2 2v2h-1.5V2a.5.5 0 0 0-.5-.5H8V0h2Z\" \/>\n\t\t\t<\/svg>\n\t\t<\/button><\/figure><\/div><h2 class=\"wp-block-heading\">Acerca de CVS Servicios de Agua.<\/h2><p><strong><em><a href=\"https:\/\/www.cvsserviciosdeagua.com\">CVS Servicios de Agua S.A de C.V.<\/a> <\/em><\/strong>ES UNA EMPRESA COMERCIALIZADORA DE PRODUCTOS RELACIONADOS A TRATAMIENTO DE AGUAS AS\u00cd, COMO DE PARTES DE REPUESTO DIF\u00cdCILES DE ENCONTRAR EN EL MERCADO NACIONAL O INTERNACIONAL Y VENDEMOS DESDE UN TORNILLO HASTA UN EQUIPO COMPLETO.                                                                                                                                                                   <\/p><p><\/p><p><\/p><p><\/p><p><\/p>","protected":false},"excerpt":{"rendered":"<p>Acerca de las toberas\/espreas. Las toberas\/espreas son dispositivos dise\u00f1ados para controlar y dirigir el flujo de l\u00edquidos a trav\u00e9s de un medio filtrante. Estas piezas, &hellip; <\/p>\n","protected":false},"author":1,"featured_media":0,"parent":0,"menu_order":0,"comment_status":"closed","ping_status":"closed","template":"","meta":{"om_disable_all_campaigns":true,"_themeisle_gutenberg_block_has_review":false,"footnotes":""},"class_list":["post-36","page","type-page","status-publish","hentry"],"yoast_head":"<!-- This site is optimized with the Yoast SEO plugin v24.3 - https:\/\/yoast.com\/wordpress\/plugins\/seo\/ -->\n<title>Toberas\/espreas, acerca de<\/title>\n<meta name=\"robots\" content=\"index, follow, max-snippet:-1, max-image-preview:large, max-video-preview:-1\" \/>\n<link rel=\"canonical\" href=\"https:\/\/solotoberas.com\/index.php\/toberas-espreas\/\" \/>\n<meta property=\"og:locale\" content=\"en_US\" \/>\n<meta property=\"og:type\" content=\"article\" \/>\n<meta property=\"og:title\" content=\"Toberas\/espreas, acerca de\" \/>\n<meta property=\"og:description\" content=\"Acerca de las toberas\/espreas. Las toberas\/espreas son dispositivos dise\u00f1ados para controlar y dirigir el flujo de l\u00edquidos a trav\u00e9s de un medio filtrante. Estas piezas, &hellip;\" \/>\n<meta property=\"og:url\" content=\"https:\/\/solotoberas.com\/index.php\/toberas-espreas\/\" \/>\n<meta property=\"og:site_name\" content=\"solotoberas.com\" \/>\n<meta property=\"article:modified_time\" content=\"2024-01-13T16:31:29+00:00\" \/>\n<meta property=\"og:image\" content=\"http:\/\/solotoberas.com\/wp-content\/uploads\/2023\/12\/Imagen2.png\" \/>\n<meta name=\"twitter:card\" content=\"summary_large_image\" \/>\n<meta name=\"twitter:label1\" content=\"Est. reading time\" \/>\n\t<meta name=\"twitter:data1\" content=\"3 minutes\" \/>\n<script type=\"application\/ld+json\" class=\"yoast-schema-graph\">{\"@context\":\"https:\/\/schema.org\",\"@graph\":[{\"@type\":\"WebPage\",\"@id\":\"https:\/\/solotoberas.com\/index.php\/toberas-espreas\/\",\"url\":\"https:\/\/solotoberas.com\/index.php\/toberas-espreas\/\",\"name\":\"Toberas\/espreas, acerca de\",\"isPartOf\":{\"@id\":\"https:\/\/solotoberas.com\/#website\"},\"primaryImageOfPage\":{\"@id\":\"https:\/\/solotoberas.com\/index.php\/toberas-espreas\/#primaryimage\"},\"image\":{\"@id\":\"https:\/\/solotoberas.com\/index.php\/toberas-espreas\/#primaryimage\"},\"thumbnailUrl\":\"http:\/\/solotoberas.com\/wp-content\/uploads\/2023\/12\/Imagen2.png\",\"datePublished\":\"2023-11-13T23:51:11+00:00\",\"dateModified\":\"2024-01-13T16:31:29+00:00\",\"breadcrumb\":{\"@id\":\"https:\/\/solotoberas.com\/index.php\/toberas-espreas\/#breadcrumb\"},\"inLanguage\":\"en-US\",\"potentialAction\":[{\"@type\":\"ReadAction\",\"target\":[\"https:\/\/solotoberas.com\/index.php\/toberas-espreas\/\"]}]},{\"@type\":\"ImageObject\",\"inLanguage\":\"en-US\",\"@id\":\"https:\/\/solotoberas.com\/index.php\/toberas-espreas\/#primaryimage\",\"url\":\"http:\/\/solotoberas.com\/wp-content\/uploads\/2023\/12\/Imagen2.png\",\"contentUrl\":\"http:\/\/solotoberas.com\/wp-content\/uploads\/2023\/12\/Imagen2.png\"},{\"@type\":\"BreadcrumbList\",\"@id\":\"https:\/\/solotoberas.com\/index.php\/toberas-espreas\/#breadcrumb\",\"itemListElement\":[{\"@type\":\"ListItem\",\"position\":1,\"name\":\"Home\",\"item\":\"https:\/\/solotoberas.com\/\"},{\"@type\":\"ListItem\",\"position\":2,\"name\":\"Toberas\/espreas, acerca de\"}]},{\"@type\":\"WebSite\",\"@id\":\"https:\/\/solotoberas.com\/#website\",\"url\":\"https:\/\/solotoberas.com\/\",\"name\":\"solotoberas.com\",\"description\":\"\",\"publisher\":{\"@id\":\"https:\/\/solotoberas.com\/#organization\"},\"potentialAction\":[{\"@type\":\"SearchAction\",\"target\":{\"@type\":\"EntryPoint\",\"urlTemplate\":\"https:\/\/solotoberas.com\/?s={search_term_string}\"},\"query-input\":{\"@type\":\"PropertyValueSpecification\",\"valueRequired\":true,\"valueName\":\"search_term_string\"}}],\"inLanguage\":\"en-US\"},{\"@type\":\"Organization\",\"@id\":\"https:\/\/solotoberas.com\/#organization\",\"name\":\"solotoberas.com\",\"url\":\"https:\/\/solotoberas.com\/\",\"logo\":{\"@type\":\"ImageObject\",\"inLanguage\":\"en-US\",\"@id\":\"https:\/\/solotoberas.com\/#\/schema\/logo\/image\/\",\"url\":\"https:\/\/solotoberas.com\/wp-content\/uploads\/2023\/11\/cropped-logo.jpg\",\"contentUrl\":\"https:\/\/solotoberas.com\/wp-content\/uploads\/2023\/11\/cropped-logo.jpg\",\"width\":561,\"height\":207,\"caption\":\"solotoberas.com\"},\"image\":{\"@id\":\"https:\/\/solotoberas.com\/#\/schema\/logo\/image\/\"}}]}<\/script>\n<!-- \/ Yoast SEO plugin. -->","yoast_head_json":{"title":"Toberas\/espreas, acerca de","robots":{"index":"index","follow":"follow","max-snippet":"max-snippet:-1","max-image-preview":"max-image-preview:large","max-video-preview":"max-video-preview:-1"},"canonical":"https:\/\/solotoberas.com\/index.php\/toberas-espreas\/","og_locale":"en_US","og_type":"article","og_title":"Toberas\/espreas, acerca de","og_description":"Acerca de las toberas\/espreas. Las toberas\/espreas son dispositivos dise\u00f1ados para controlar y dirigir el flujo de l\u00edquidos a trav\u00e9s de un medio filtrante. Estas piezas, &hellip;","og_url":"https:\/\/solotoberas.com\/index.php\/toberas-espreas\/","og_site_name":"solotoberas.com","article_modified_time":"2024-01-13T16:31:29+00:00","og_image":[{"url":"http:\/\/solotoberas.com\/wp-content\/uploads\/2023\/12\/Imagen2.png","type":"","width":"","height":""}],"twitter_card":"summary_large_image","twitter_misc":{"Est. reading time":"3 minutes"},"schema":{"@context":"https:\/\/schema.org","@graph":[{"@type":"WebPage","@id":"https:\/\/solotoberas.com\/index.php\/toberas-espreas\/","url":"https:\/\/solotoberas.com\/index.php\/toberas-espreas\/","name":"Toberas\/espreas, acerca de","isPartOf":{"@id":"https:\/\/solotoberas.com\/#website"},"primaryImageOfPage":{"@id":"https:\/\/solotoberas.com\/index.php\/toberas-espreas\/#primaryimage"},"image":{"@id":"https:\/\/solotoberas.com\/index.php\/toberas-espreas\/#primaryimage"},"thumbnailUrl":"http:\/\/solotoberas.com\/wp-content\/uploads\/2023\/12\/Imagen2.png","datePublished":"2023-11-13T23:51:11+00:00","dateModified":"2024-01-13T16:31:29+00:00","breadcrumb":{"@id":"https:\/\/solotoberas.com\/index.php\/toberas-espreas\/#breadcrumb"},"inLanguage":"en-US","potentialAction":[{"@type":"ReadAction","target":["https:\/\/solotoberas.com\/index.php\/toberas-espreas\/"]}]},{"@type":"ImageObject","inLanguage":"en-US","@id":"https:\/\/solotoberas.com\/index.php\/toberas-espreas\/#primaryimage","url":"http:\/\/solotoberas.com\/wp-content\/uploads\/2023\/12\/Imagen2.png","contentUrl":"http:\/\/solotoberas.com\/wp-content\/uploads\/2023\/12\/Imagen2.png"},{"@type":"BreadcrumbList","@id":"https:\/\/solotoberas.com\/index.php\/toberas-espreas\/#breadcrumb","itemListElement":[{"@type":"ListItem","position":1,"name":"Home","item":"https:\/\/solotoberas.com\/"},{"@type":"ListItem","position":2,"name":"Toberas\/espreas, acerca de"}]},{"@type":"WebSite","@id":"https:\/\/solotoberas.com\/#website","url":"https:\/\/solotoberas.com\/","name":"solotoberas.com","description":"","publisher":{"@id":"https:\/\/solotoberas.com\/#organization"},"potentialAction":[{"@type":"SearchAction","target":{"@type":"EntryPoint","urlTemplate":"https:\/\/solotoberas.com\/?s={search_term_string}"},"query-input":{"@type":"PropertyValueSpecification","valueRequired":true,"valueName":"search_term_string"}}],"inLanguage":"en-US"},{"@type":"Organization","@id":"https:\/\/solotoberas.com\/#organization","name":"solotoberas.com","url":"https:\/\/solotoberas.com\/","logo":{"@type":"ImageObject","inLanguage":"en-US","@id":"https:\/\/solotoberas.com\/#\/schema\/logo\/image\/","url":"https:\/\/solotoberas.com\/wp-content\/uploads\/2023\/11\/cropped-logo.jpg","contentUrl":"https:\/\/solotoberas.com\/wp-content\/uploads\/2023\/11\/cropped-logo.jpg","width":561,"height":207,"caption":"solotoberas.com"},"image":{"@id":"https:\/\/solotoberas.com\/#\/schema\/logo\/image\/"}}]}},"_links":{"self":[{"href":"https:\/\/solotoberas.com\/index.php\/wp-json\/wp\/v2\/pages\/36","targetHints":{"allow":["GET"]}}],"collection":[{"href":"https:\/\/solotoberas.com\/index.php\/wp-json\/wp\/v2\/pages"}],"about":[{"href":"https:\/\/solotoberas.com\/index.php\/wp-json\/wp\/v2\/types\/page"}],"author":[{"embeddable":true,"href":"https:\/\/solotoberas.com\/index.php\/wp-json\/wp\/v2\/users\/1"}],"replies":[{"embeddable":true,"href":"https:\/\/solotoberas.com\/index.php\/wp-json\/wp\/v2\/comments?post=36"}],"version-history":[{"count":22,"href":"https:\/\/solotoberas.com\/index.php\/wp-json\/wp\/v2\/pages\/36\/revisions"}],"predecessor-version":[{"id":424,"href":"https:\/\/solotoberas.com\/index.php\/wp-json\/wp\/v2\/pages\/36\/revisions\/424"}],"wp:attachment":[{"href":"https:\/\/solotoberas.com\/index.php\/wp-json\/wp\/v2\/media?parent=36"}],"curies":[{"name":"wp","href":"https:\/\/api.w.org\/{rel}","templated":true}]}}