{"id":217,"date":"2023-11-21T22:24:40","date_gmt":"2023-11-21T22:24:40","guid":{"rendered":"https:\/\/solotoberas.com\/?page_id=217"},"modified":"2024-01-13T15:58:35","modified_gmt":"2024-01-13T15:58:35","slug":"nuestro-trabajo","status":"publish","type":"page","link":"https:\/\/solotoberas.com\/index.php\/nuestro-trabajo\/","title":{"rendered":"Nuestro trabajo"},"content":{"rendered":"<p class=\"has-large-font-size\" style=\"font-style:italic;font-weight:400\">Nos enorgullecemos de haber participado en varias rehabilitaciones de plantas de tratamiento de agua, as\u00ed como surtiendo tanto equipos como refacciones para los mismos. Contando con m\u00e1s de 20 a\u00f1os de experiencia en el mercado, y nos consideramos una buena opci\u00f3n para resolver sus necesidades respecto a toberas en general, equipos de plantas potabilizadoras, plantas de tratamiento de aguas negras, suavizaci\u00f3n y desmineralizaci\u00f3n.<\/p><p class=\"has-large-font-size\" style=\"font-style:italic;font-weight:400\">Adem\u00e1s de poder apoyar en el tema de Toberas tambi\u00e9n podemos proporcionar soluciones en el caso de los medios filtrantes, as\u00ed como en el embarque de los mismos a su destino para una mayor seguridad de sus materiales.<\/p><figure data-wp-context=\"{&quot;imageId&quot;:&quot;6a05ffdb81f6e&quot;}\" data-wp-interactive=\"core\/image\" data-wp-key=\"6a05ffdb81f6e\" class=\"wp-block-image size-full is-style-rounded wp-lightbox-container\"><img loading=\"lazy\" decoding=\"async\" width=\"685\" height=\"406\" data-wp-class--hide=\"state.isContentHidden\" data-wp-class--show=\"state.isContentVisible\" data-wp-init=\"callbacks.setButtonStyles\" data-wp-on--click=\"actions.showLightbox\" data-wp-on--load=\"callbacks.setButtonStyles\" data-wp-on-window--resize=\"callbacks.setButtonStyles\" src=\"https:\/\/solotoberas.com\/wp-content\/uploads\/2023\/12\/Imagen6.jpg\" alt=\"filtros de falso fondo, parte de nuestro trabajo\" class=\"wp-image-374\" srcset=\"https:\/\/solotoberas.com\/wp-content\/uploads\/2023\/12\/Imagen6.jpg 685w, https:\/\/solotoberas.com\/wp-content\/uploads\/2023\/12\/Imagen6-300x178.jpg 300w, https:\/\/solotoberas.com\/wp-content\/uploads\/2023\/12\/Imagen6-101x60.jpg 101w, https:\/\/solotoberas.com\/wp-content\/uploads\/2023\/12\/Imagen6-600x356.jpg 600w\" sizes=\"auto, (max-width: 685px) 100vw, 685px\" \/><button\n\t\t\tclass=\"lightbox-trigger\"\n\t\t\ttype=\"button\"\n\t\t\taria-haspopup=\"dialog\"\n\t\t\taria-label=\"Enlarge\"\n\t\t\tdata-wp-init=\"callbacks.initTriggerButton\"\n\t\t\tdata-wp-on--click=\"actions.showLightbox\"\n\t\t\tdata-wp-style--right=\"state.imageButtonRight\"\n\t\t\tdata-wp-style--top=\"state.imageButtonTop\"\n\t\t>\n\t\t\t<svg xmlns=\"http:\/\/www.w3.org\/2000\/svg\" width=\"12\" height=\"12\" fill=\"none\" viewBox=\"0 0 12 12\">\n\t\t\t\t<path fill=\"#fff\" d=\"M2 0a2 2 0 0 0-2 2v2h1.5V2a.5.5 0 0 1 .5-.5h2V0H2Zm2 10.5H2a.5.5 0 0 1-.5-.5V8H0v2a2 2 0 0 0 2 2h2v-1.5ZM8 12v-1.5h2a.5.5 0 0 0 .5-.5V8H12v2a2 2 0 0 1-2 2H8Zm2-12a2 2 0 0 1 2 2v2h-1.5V2a.5.5 0 0 0-.5-.5H8V0h2Z\" \/>\n\t\t\t<\/svg>\n\t\t<\/button><\/figure><p><a href=\"https:\/\/solotoberas.com\/index.php\/medios-filtrantes\/\" title=\"\">Medios filtrantes<\/a><\/p><p><a href=\"https:\/\/solotoberas.com\/index.php\/embarque\/\" title=\"\">Embarque<\/a><\/p>","protected":false},"excerpt":{"rendered":"<p>Nos enorgullecemos de haber participado en varias rehabilitaciones de plantas de tratamiento de agua, as\u00ed como surtiendo tanto equipos como refacciones para los mismos. Contando &hellip; <\/p>\n","protected":false},"author":1,"featured_media":0,"parent":0,"menu_order":0,"comment_status":"closed","ping_status":"closed","template":"","meta":{"om_disable_all_campaigns":false,"_themeisle_gutenberg_block_has_review":false,"footnotes":""},"class_list":["post-217","page","type-page","status-publish","hentry"],"yoast_head":"<!-- This site is optimized with the Yoast SEO plugin v24.3 - https:\/\/yoast.com\/wordpress\/plugins\/seo\/ -->\n<title>Nuestro trabajo<\/title>\n<meta name=\"description\" content=\"Nuestro trabajo\" \/>\n<meta name=\"robots\" content=\"index, follow, max-snippet:-1, max-image-preview:large, max-video-preview:-1\" \/>\n<link rel=\"canonical\" href=\"https:\/\/solotoberas.com\/index.php\/nuestro-trabajo\/\" \/>\n<meta property=\"og:locale\" content=\"en_US\" \/>\n<meta property=\"og:type\" content=\"article\" \/>\n<meta property=\"og:title\" content=\"Nuestro trabajo\" \/>\n<meta property=\"og:description\" content=\"Nuestro trabajo\" \/>\n<meta property=\"og:url\" content=\"https:\/\/solotoberas.com\/index.php\/nuestro-trabajo\/\" \/>\n<meta property=\"og:site_name\" content=\"solotoberas.com\" \/>\n<meta property=\"article:modified_time\" content=\"2024-01-13T15:58:35+00:00\" \/>\n<meta property=\"og:image\" content=\"https:\/\/solotoberas.com\/wp-content\/uploads\/2023\/12\/Imagen6.jpg\" \/>\n<meta name=\"twitter:card\" content=\"summary_large_image\" \/>\n<meta name=\"twitter:label1\" content=\"Est. reading time\" \/>\n\t<meta name=\"twitter:data1\" content=\"1 minute\" \/>\n<script type=\"application\/ld+json\" class=\"yoast-schema-graph\">{\"@context\":\"https:\/\/schema.org\",\"@graph\":[{\"@type\":\"WebPage\",\"@id\":\"https:\/\/solotoberas.com\/index.php\/nuestro-trabajo\/\",\"url\":\"https:\/\/solotoberas.com\/index.php\/nuestro-trabajo\/\",\"name\":\"Nuestro trabajo\",\"isPartOf\":{\"@id\":\"https:\/\/solotoberas.com\/#website\"},\"primaryImageOfPage\":{\"@id\":\"https:\/\/solotoberas.com\/index.php\/nuestro-trabajo\/#primaryimage\"},\"image\":{\"@id\":\"https:\/\/solotoberas.com\/index.php\/nuestro-trabajo\/#primaryimage\"},\"thumbnailUrl\":\"https:\/\/solotoberas.com\/wp-content\/uploads\/2023\/12\/Imagen6.jpg\",\"datePublished\":\"2023-11-21T22:24:40+00:00\",\"dateModified\":\"2024-01-13T15:58:35+00:00\",\"description\":\"Nuestro trabajo\",\"breadcrumb\":{\"@id\":\"https:\/\/solotoberas.com\/index.php\/nuestro-trabajo\/#breadcrumb\"},\"inLanguage\":\"en-US\",\"potentialAction\":[{\"@type\":\"ReadAction\",\"target\":[\"https:\/\/solotoberas.com\/index.php\/nuestro-trabajo\/\"]}]},{\"@type\":\"ImageObject\",\"inLanguage\":\"en-US\",\"@id\":\"https:\/\/solotoberas.com\/index.php\/nuestro-trabajo\/#primaryimage\",\"url\":\"https:\/\/solotoberas.com\/wp-content\/uploads\/2023\/12\/Imagen6.jpg\",\"contentUrl\":\"https:\/\/solotoberas.com\/wp-content\/uploads\/2023\/12\/Imagen6.jpg\",\"width\":685,\"height\":406,\"caption\":\"muestra de nuestro trabajo\"},{\"@type\":\"BreadcrumbList\",\"@id\":\"https:\/\/solotoberas.com\/index.php\/nuestro-trabajo\/#breadcrumb\",\"itemListElement\":[{\"@type\":\"ListItem\",\"position\":1,\"name\":\"Home\",\"item\":\"https:\/\/solotoberas.com\/\"},{\"@type\":\"ListItem\",\"position\":2,\"name\":\"Nuestro trabajo\"}]},{\"@type\":\"WebSite\",\"@id\":\"https:\/\/solotoberas.com\/#website\",\"url\":\"https:\/\/solotoberas.com\/\",\"name\":\"solotoberas.com\",\"description\":\"\",\"publisher\":{\"@id\":\"https:\/\/solotoberas.com\/#organization\"},\"potentialAction\":[{\"@type\":\"SearchAction\",\"target\":{\"@type\":\"EntryPoint\",\"urlTemplate\":\"https:\/\/solotoberas.com\/?s={search_term_string}\"},\"query-input\":{\"@type\":\"PropertyValueSpecification\",\"valueRequired\":true,\"valueName\":\"search_term_string\"}}],\"inLanguage\":\"en-US\"},{\"@type\":\"Organization\",\"@id\":\"https:\/\/solotoberas.com\/#organization\",\"name\":\"solotoberas.com\",\"url\":\"https:\/\/solotoberas.com\/\",\"logo\":{\"@type\":\"ImageObject\",\"inLanguage\":\"en-US\",\"@id\":\"https:\/\/solotoberas.com\/#\/schema\/logo\/image\/\",\"url\":\"https:\/\/solotoberas.com\/wp-content\/uploads\/2023\/11\/cropped-logo.jpg\",\"contentUrl\":\"https:\/\/solotoberas.com\/wp-content\/uploads\/2023\/11\/cropped-logo.jpg\",\"width\":561,\"height\":207,\"caption\":\"solotoberas.com\"},\"image\":{\"@id\":\"https:\/\/solotoberas.com\/#\/schema\/logo\/image\/\"}}]}<\/script>\n<!-- \/ Yoast SEO plugin. -->","yoast_head_json":{"title":"Nuestro trabajo","description":"Nuestro trabajo","robots":{"index":"index","follow":"follow","max-snippet":"max-snippet:-1","max-image-preview":"max-image-preview:large","max-video-preview":"max-video-preview:-1"},"canonical":"https:\/\/solotoberas.com\/index.php\/nuestro-trabajo\/","og_locale":"en_US","og_type":"article","og_title":"Nuestro trabajo","og_description":"Nuestro trabajo","og_url":"https:\/\/solotoberas.com\/index.php\/nuestro-trabajo\/","og_site_name":"solotoberas.com","article_modified_time":"2024-01-13T15:58:35+00:00","og_image":[{"url":"https:\/\/solotoberas.com\/wp-content\/uploads\/2023\/12\/Imagen6.jpg","type":"","width":"","height":""}],"twitter_card":"summary_large_image","twitter_misc":{"Est. reading time":"1 minute"},"schema":{"@context":"https:\/\/schema.org","@graph":[{"@type":"WebPage","@id":"https:\/\/solotoberas.com\/index.php\/nuestro-trabajo\/","url":"https:\/\/solotoberas.com\/index.php\/nuestro-trabajo\/","name":"Nuestro trabajo","isPartOf":{"@id":"https:\/\/solotoberas.com\/#website"},"primaryImageOfPage":{"@id":"https:\/\/solotoberas.com\/index.php\/nuestro-trabajo\/#primaryimage"},"image":{"@id":"https:\/\/solotoberas.com\/index.php\/nuestro-trabajo\/#primaryimage"},"thumbnailUrl":"https:\/\/solotoberas.com\/wp-content\/uploads\/2023\/12\/Imagen6.jpg","datePublished":"2023-11-21T22:24:40+00:00","dateModified":"2024-01-13T15:58:35+00:00","description":"Nuestro trabajo","breadcrumb":{"@id":"https:\/\/solotoberas.com\/index.php\/nuestro-trabajo\/#breadcrumb"},"inLanguage":"en-US","potentialAction":[{"@type":"ReadAction","target":["https:\/\/solotoberas.com\/index.php\/nuestro-trabajo\/"]}]},{"@type":"ImageObject","inLanguage":"en-US","@id":"https:\/\/solotoberas.com\/index.php\/nuestro-trabajo\/#primaryimage","url":"https:\/\/solotoberas.com\/wp-content\/uploads\/2023\/12\/Imagen6.jpg","contentUrl":"https:\/\/solotoberas.com\/wp-content\/uploads\/2023\/12\/Imagen6.jpg","width":685,"height":406,"caption":"muestra de nuestro trabajo"},{"@type":"BreadcrumbList","@id":"https:\/\/solotoberas.com\/index.php\/nuestro-trabajo\/#breadcrumb","itemListElement":[{"@type":"ListItem","position":1,"name":"Home","item":"https:\/\/solotoberas.com\/"},{"@type":"ListItem","position":2,"name":"Nuestro trabajo"}]},{"@type":"WebSite","@id":"https:\/\/solotoberas.com\/#website","url":"https:\/\/solotoberas.com\/","name":"solotoberas.com","description":"","publisher":{"@id":"https:\/\/solotoberas.com\/#organization"},"potentialAction":[{"@type":"SearchAction","target":{"@type":"EntryPoint","urlTemplate":"https:\/\/solotoberas.com\/?s={search_term_string}"},"query-input":{"@type":"PropertyValueSpecification","valueRequired":true,"valueName":"search_term_string"}}],"inLanguage":"en-US"},{"@type":"Organization","@id":"https:\/\/solotoberas.com\/#organization","name":"solotoberas.com","url":"https:\/\/solotoberas.com\/","logo":{"@type":"ImageObject","inLanguage":"en-US","@id":"https:\/\/solotoberas.com\/#\/schema\/logo\/image\/","url":"https:\/\/solotoberas.com\/wp-content\/uploads\/2023\/11\/cropped-logo.jpg","contentUrl":"https:\/\/solotoberas.com\/wp-content\/uploads\/2023\/11\/cropped-logo.jpg","width":561,"height":207,"caption":"solotoberas.com"},"image":{"@id":"https:\/\/solotoberas.com\/#\/schema\/logo\/image\/"}}]}},"_links":{"self":[{"href":"https:\/\/solotoberas.com\/index.php\/wp-json\/wp\/v2\/pages\/217","targetHints":{"allow":["GET"]}}],"collection":[{"href":"https:\/\/solotoberas.com\/index.php\/wp-json\/wp\/v2\/pages"}],"about":[{"href":"https:\/\/solotoberas.com\/index.php\/wp-json\/wp\/v2\/types\/page"}],"author":[{"embeddable":true,"href":"https:\/\/solotoberas.com\/index.php\/wp-json\/wp\/v2\/users\/1"}],"replies":[{"embeddable":true,"href":"https:\/\/solotoberas.com\/index.php\/wp-json\/wp\/v2\/comments?post=217"}],"version-history":[{"count":6,"href":"https:\/\/solotoberas.com\/index.php\/wp-json\/wp\/v2\/pages\/217\/revisions"}],"predecessor-version":[{"id":409,"href":"https:\/\/solotoberas.com\/index.php\/wp-json\/wp\/v2\/pages\/217\/revisions\/409"}],"wp:attachment":[{"href":"https:\/\/solotoberas.com\/index.php\/wp-json\/wp\/v2\/media?parent=217"}],"curies":[{"name":"wp","href":"https:\/\/api.w.org\/{rel}","templated":true}]}}